{"id":88,"date":"2013-05-23T13:50:53","date_gmt":"2013-05-23T12:50:53","guid":{"rendered":"http:\/\/villadampierre.fr\/chambre-hote-pau\/?page_id=88"},"modified":"2024-02-10T17:05:08","modified_gmt":"2024-02-10T15:05:08","slug":"chambre-hippique","status":"publish","type":"page","link":"https:\/\/villadampierre.fr\/chambre-hote-pau\/chambres-dhotes\/chambre-hippique\/","title":{"rendered":"Chambre Hippique"},"content":{"rendered":"<p>Vous trouverez ici l&rsquo;\u00e2me de cette maison.<\/p>\n<p>Le grand-p\u00e8re des enfants y est n\u00e9.<\/p>\n<p>Nous avons choisi de lui d\u00e9dier la chambre en souvenir des chevaux qu&rsquo;il a tant aim\u00e9 et du monde\u00a0hippique\u00a0 pour lequel il a beaucoup fait. Vous vivrez au rythme que vous imposerez \u00e0 votre monture, galop, pas, dans un monde d&rsquo;\u00e9poque avec deux lits jumeaux.<\/p>\n<p>Une chambre de 40 m\u00b2 qu&rsquo;il sera difficile de quitter tant elle est vaste avec son coin salon pr\u00e8s de la chemin\u00e9e, le bureau.<\/p>\n<p>Une nouveau lit canap\u00e9 vous attend au coin de la chemin\u00e9e, cosy<\/p>\n<p>La chambre est expos\u00e9e plein Sud, avec vue sur les Pyr\u00e9n\u00e9es.<br \/>\nVous d\u00e9couvrirez une salle d&rsquo;eau avec son dressing, une vasque dont le support \u00e9tait l&rsquo;ancienne mangeoire, et toujours d&rsquo;ample douche.\u00a0La chambre est \u00e9quip\u00e9e de climatisation invers\u00e9e et d&rsquo;une connexion internet.<\/p>\n<p>Si vous venez avec vos enfants, ils peuvent \u00eatre h\u00e9berg\u00e9s dans la chambr\u00e9e&#8230;<\/p>\n<div class=\"easingsliderpro easingsliderpro-3  use-slide\" data-options=\"{&quot;dimensions&quot;:{&quot;width&quot;:640,&quot;height&quot;:400,&quot;responsive&quot;:true},&quot;transitions&quot;:{&quot;effect&quot;:&quot;slide&quot;,&quot;duration&quot;:500,&quot;touch&quot;:true},&quot;navigation&quot;:{&quot;arrows&quot;:true,&quot;arrows_hover&quot;:false,&quot;arrows_position&quot;:&quot;inside&quot;,&quot;pagination&quot;:true,&quot;pagination_hover&quot;:false,&quot;pagination_position&quot;:&quot;inside&quot;,&quot;pagination_location&quot;:&quot;bottom-center&quot;},&quot;playback&quot;:{&quot;enabled&quot;:true,&quot;pause&quot;:4000}}\" style=\"max-width: 640px; max-height: 400px\">\n    <div class=\"easingsliderpro-viewport\" style=\"padding-top: 62.5% !important;\">\n        <div class=\"easingsliderpro-slides-container\" style=\"display: none; width: 1000%;\">\n                                                    <div class=\"easingsliderpro-slide\" style=\"max-width: 640px; max-height: 400px\">\n                                            <img src=\"http:\/\/villadampierre.fr\/chambre-hote-pau\/wp-content\/uploads\/IMG_0054-640x400.jpg\" class=\"easingsliderpro-image\" alt=\"\" title=\"IMG_0054\" \/>\n                                                        <\/div>\n                                        <div class=\"easingsliderpro-slide\" style=\"max-width: 640px; max-height: 400px\">\n                                            <img src=\"http:\/\/villadampierre.fr\/chambre-hote-pau\/wp-content\/uploads\/IMG_0052-640x400.jpg\" class=\"easingsliderpro-image\" alt=\"\" title=\"IMG_0052\" \/>\n                                                        <\/div>\n                                        <div class=\"easingsliderpro-slide\" style=\"max-width: 640px; max-height: 400px\">\n                                            <img src=\"http:\/\/villadampierre.fr\/chambre-hote-pau\/wp-content\/uploads\/IMG_0051-640x400.jpg\" class=\"easingsliderpro-image\" alt=\"\" title=\"IMG_0051\" \/>\n                                                        <\/div>\n                                        <div class=\"easingsliderpro-slide\" style=\"max-width: 640px; max-height: 400px\">\n                                            <img src=\"http:\/\/villadampierre.fr\/chambre-hote-pau\/wp-content\/uploads\/Salle_de_bain_hippique_villa_dampierre-640x400.jpg\" class=\"easingsliderpro-image\" alt=\"\" title=\"Salle_de_bain_hippique_villa_dampierre\" \/>\n                                                        <\/div>\n                                        <div class=\"easingsliderpro-slide\" style=\"max-width: 640px; max-height: 400px\">\n                                            <img src=\"http:\/\/villadampierre.fr\/chambre-hote-pau\/wp-content\/uploads\/IMG_0011-640x400.jpg\" class=\"easingsliderpro-image\" alt=\"\" title=\"IMG_0011\" \/>\n                                                        <\/div>\n                                        <div class=\"easingsliderpro-slide\" style=\"max-width: 640px; max-height: 400px\">\n                                            <img src=\"http:\/\/villadampierre.fr\/chambre-hote-pau\/wp-content\/uploads\/IMG_0009-640x400.jpg\" class=\"easingsliderpro-image\" alt=\"\" title=\"IMG_0009\" \/>\n                                                        <\/div>\n                                        <div class=\"easingsliderpro-slide\" style=\"max-width: 640px; max-height: 400px\">\n                                            <img src=\"http:\/\/villadampierre.fr\/chambre-hote-pau\/wp-content\/uploads\/IMG_3185-640x400.jpg\" class=\"easingsliderpro-image\" alt=\"\" title=\"IMG_3185\" \/>\n                                                        <\/div>\n                                        <div class=\"easingsliderpro-slide\" style=\"max-width: 640px; max-height: 400px\">\n                                            <img src=\"http:\/\/villadampierre.fr\/chambre-hote-pau\/wp-content\/uploads\/IMG_3186-640x400.jpg\" class=\"easingsliderpro-image\" alt=\"\" title=\"IMG_3186\" \/>\n                                                        <\/div>\n                    <\/div>\n    <\/div>\n\n    <div class=\"easingsliderpro-preload\"><\/div>\n\n            <div class=\"easingsliderpro-arrows easingsliderpro-next inside\"><\/div>\n        <div class=\"easingsliderpro-arrows easingsliderpro-prev inside\"><\/div>\n    \n            <div class=\"easingsliderpro-pagination inside bottom-center\">\n                            <div class=\"easingsliderpro-icon\"><\/div>\n                            <div class=\"easingsliderpro-icon\"><\/div>\n                            <div class=\"easingsliderpro-icon\"><\/div>\n                            <div class=\"easingsliderpro-icon\"><\/div>\n                            <div class=\"easingsliderpro-icon\"><\/div>\n                            <div class=\"easingsliderpro-icon\"><\/div>\n                            <div class=\"easingsliderpro-icon\"><\/div>\n                            <div class=\"easingsliderpro-icon\"><\/div>\n                    <\/div>\n    \n        <\/div>\n\n<div class='easingsliderpro-shadow' style='display: none; max-width: 640px; '><\/div>\n<div class=\"wpcf7 no-js\" id=\"wpcf7-f948-o1\" lang=\"fr-FR\" dir=\"ltr\">\n<div class=\"screen-reader-response\"><p role=\"status\" aria-live=\"polite\" aria-atomic=\"true\"><\/p> <ul><\/ul><\/div>\n<form action=\"\/chambre-hote-pau\/wp-json\/wp\/v2\/pages\/88#wpcf7-f948-o1\" method=\"post\" class=\"wpcf7-form init\" aria-label=\"Formulaire de contact\" novalidate=\"novalidate\" data-status=\"init\">\n<div style=\"display: none;\">\n<input type=\"hidden\" name=\"_wpcf7\" value=\"948\" \/>\n<input type=\"hidden\" name=\"_wpcf7_version\" value=\"5.7.2\" \/>\n<input type=\"hidden\" name=\"_wpcf7_locale\" value=\"fr_FR\" \/>\n<input type=\"hidden\" name=\"_wpcf7_unit_tag\" value=\"wpcf7-f948-o1\" \/>\n<input type=\"hidden\" name=\"_wpcf7_container_post\" value=\"0\" \/>\n<input type=\"hidden\" name=\"_wpcf7_posted_data_hash\" value=\"\" \/>\n<\/div>\n<p>Pour des informations sur une disponibilit\u00e9 remplissez les champs ci-dessous.<br \/>\nSi l'envoi de cette page ne marche pas, envoyez nous les informations par e-mail \u00e0 l'adresse suivante : villadampierre@gmail.com<br \/>\nou appelez nous au 0687850008\n<\/p>\n<p>A tr\u00e8s bient\u00f4t !\n<\/p>\n<p>Quand et pour qui souhaitez-vous r\u00e9server :\n<\/p>\n<p>Date d'arriv\u00e9e : <span class=\"wpcf7-form-control-wrap\" data-name=\"date-542\"><input class=\"wpcf7-form-control wpcf7-date wpcf7-validates-as-required wpcf7-validates-as-date\" min=\"2023-01-10\" aria-required=\"true\" aria-invalid=\"false\" value=\"\" type=\"date\" name=\"date-542\" \/><\/span>\n<\/p>\n<p>Date de d\u00e9part <span class=\"wpcf7-form-control-wrap\" data-name=\"dated-542\"><input class=\"wpcf7-form-control wpcf7-date wpcf7-validates-as-required wpcf7-validates-as-date\" min=\"2023-01-10\" aria-required=\"true\" aria-invalid=\"false\" value=\"\" type=\"date\" name=\"dated-542\" \/><\/span>\n<\/p>\n<p><label> Votre nom<br \/>\n<span class=\"wpcf7-form-control-wrap\" data-name=\"your-name\"><input size=\"40\" class=\"wpcf7-form-control wpcf7-text wpcf7-validates-as-required\" autocomplete=\"name\" aria-required=\"true\" aria-invalid=\"false\" value=\"\" type=\"text\" name=\"your-name\" \/><\/span> <\/label>\n<\/p>\n<p><label> Votre e-mail<br \/>\n<span class=\"wpcf7-form-control-wrap\" data-name=\"your-email\"><input size=\"40\" class=\"wpcf7-form-control wpcf7-text wpcf7-email wpcf7-validates-as-required wpcf7-validates-as-email\" autocomplete=\"email\" aria-required=\"true\" aria-invalid=\"false\" value=\"\" type=\"email\" name=\"your-email\" \/><\/span> <\/label>\n<\/p>\n<p><label> Votre t\u00e9l\u00e9phone :<br \/>\n<span class=\"wpcf7-form-control-wrap\" data-name=\"your-subject\"><input size=\"40\" class=\"wpcf7-form-control wpcf7-text wpcf7-validates-as-required\" aria-required=\"true\" aria-invalid=\"false\" value=\"\" type=\"text\" name=\"your-subject\" \/><\/span> <\/label>\n<\/p>\n<p>N'oubliez pas de pr\u00e9ciser combien vous serez. A tr\u00e8s bient\u00f4t!<br \/>\n<label> Votre message (facultatif)<br \/>\n<span class=\"wpcf7-form-control-wrap\" data-name=\"your-message\"><textarea cols=\"40\" rows=\"10\" class=\"wpcf7-form-control wpcf7-textarea\" aria-invalid=\"false\" name=\"your-message\"><\/textarea><\/span> <\/label>\n<\/p>\n<p><input class=\"wpcf7-form-control has-spinner wpcf7-submit\" type=\"submit\" value=\"Envoyer\" \/>\n<\/p><p style=\"display: none !important;\"><label>&#916;<textarea name=\"_wpcf7_ak_hp_textarea\" cols=\"45\" rows=\"8\" maxlength=\"100\"><\/textarea><\/label><input type=\"hidden\" id=\"ak_js_1\" name=\"_wpcf7_ak_js\" value=\"152\"\/><script>document.getElementById( \"ak_js_1\" ).setAttribute( \"value\", ( new Date() ).getTime() );<\/script><\/p><div class=\"wpcf7-response-output\" aria-hidden=\"true\"><\/div><\/form><\/div>\n","protected":false},"excerpt":{"rendered":"<p>Vous trouverez ici l&rsquo;\u00e2me de cette maison. Le grand-p\u00e8re des enfants y est n\u00e9. Nous avons choisi de lui d\u00e9dier la chambre en souvenir des &hellip;<\/p>\n","protected":false},"author":2,"featured_media":531,"parent":82,"menu_order":0,"comment_status":"open","ping_status":"open","template":"template-submenu_siblings.php","meta":[],"yoast_head":"<!-- This site is optimized with the Yoast SEO plugin v20.4 - https:\/\/yoast.com\/wordpress\/plugins\/seo\/ -->\n<title>Chambre Hippique - Villa Dampierre<\/title>\n<meta name=\"description\" content=\"A Pau m\u00eame, dans un parc bois\u00e9, une maison de ma\u00eetre offre ses chambres d&#039;h\u00f4te. L&#039;hippique aux beaux volumes allie l&#039;ancien \u00e0 la modernit\u00e9 et un accueil chaleureux de deux montagnards\" \/>\n<meta name=\"robots\" content=\"index, follow, max-snippet:-1, max-image-preview:large, max-video-preview:-1\" \/>\n<link rel=\"canonical\" href=\"https:\/\/villadampierre.fr\/chambre-hote-pau\/chambres-dhotes\/chambre-hippique\/\" \/>\n<meta property=\"og:locale\" content=\"fr_FR\" \/>\n<meta property=\"og:type\" content=\"article\" \/>\n<meta property=\"og:title\" content=\"Chambre Hippique - Villa Dampierre\" \/>\n<meta property=\"og:description\" content=\"A Pau m\u00eame, dans un parc bois\u00e9, une maison de ma\u00eetre offre ses chambres d&#039;h\u00f4te. L&#039;hippique aux beaux volumes allie l&#039;ancien \u00e0 la modernit\u00e9 et un accueil chaleureux de deux montagnards\" \/>\n<meta property=\"og:url\" content=\"https:\/\/villadampierre.fr\/chambre-hote-pau\/chambres-dhotes\/chambre-hippique\/\" \/>\n<meta property=\"og:site_name\" content=\"Villa Dampierre\" \/>\n<meta property=\"article:modified_time\" content=\"2024-02-10T15:05:08+00:00\" \/>\n<meta property=\"og:image\" content=\"https:\/\/villadampierre.fr\/chambre-hote-pau\/wp-content\/uploads\/course.jpg\" \/>\n\t<meta property=\"og:image:width\" content=\"300\" \/>\n\t<meta property=\"og:image:height\" content=\"222\" \/>\n\t<meta property=\"og:image:type\" content=\"image\/jpeg\" \/>\n<meta name=\"twitter:label1\" content=\"Dur\u00e9e de lecture estim\u00e9e\" \/>\n\t<meta name=\"twitter:data1\" content=\"1 minute\" \/>\n<script type=\"application\/ld+json\" class=\"yoast-schema-graph\">{\"@context\":\"https:\/\/schema.org\",\"@graph\":[{\"@type\":\"WebPage\",\"@id\":\"https:\/\/villadampierre.fr\/chambre-hote-pau\/chambres-dhotes\/chambre-hippique\/\",\"url\":\"https:\/\/villadampierre.fr\/chambre-hote-pau\/chambres-dhotes\/chambre-hippique\/\",\"name\":\"Chambre Hippique - Villa Dampierre\",\"isPartOf\":{\"@id\":\"https:\/\/villadampierre.fr\/chambre-hote-pau\/#website\"},\"datePublished\":\"2013-05-23T12:50:53+00:00\",\"dateModified\":\"2024-02-10T15:05:08+00:00\",\"description\":\"A Pau m\u00eame, dans un parc bois\u00e9, une maison de ma\u00eetre offre ses chambres d'h\u00f4te. L'hippique aux beaux volumes allie l'ancien \u00e0 la modernit\u00e9 et un accueil chaleureux de deux montagnards\",\"breadcrumb\":{\"@id\":\"https:\/\/villadampierre.fr\/chambre-hote-pau\/chambres-dhotes\/chambre-hippique\/#breadcrumb\"},\"inLanguage\":\"fr-FR\",\"potentialAction\":[{\"@type\":\"ReadAction\",\"target\":[\"https:\/\/villadampierre.fr\/chambre-hote-pau\/chambres-dhotes\/chambre-hippique\/\"]}]},{\"@type\":\"BreadcrumbList\",\"@id\":\"https:\/\/villadampierre.fr\/chambre-hote-pau\/chambres-dhotes\/chambre-hippique\/#breadcrumb\",\"itemListElement\":[{\"@type\":\"ListItem\",\"position\":1,\"name\":\"Accueil\",\"item\":\"https:\/\/villadampierre.fr\/chambre-hote-pau\/\"},{\"@type\":\"ListItem\",\"position\":2,\"name\":\"Chambre d&rsquo;h\u00f4tes\",\"item\":\"https:\/\/villadampierre.fr\/chambre-hote-pau\/chambres-dhotes\/\"},{\"@type\":\"ListItem\",\"position\":3,\"name\":\"Chambre Hippique\"}]},{\"@type\":\"WebSite\",\"@id\":\"https:\/\/villadampierre.fr\/chambre-hote-pau\/#website\",\"url\":\"https:\/\/villadampierre.fr\/chambre-hote-pau\/\",\"name\":\"Villa Dampierre\",\"description\":\"Pour un s\u00e9jour en chambre d&#039;h\u00f4tes \u00e0  Pau\",\"potentialAction\":[{\"@type\":\"SearchAction\",\"target\":{\"@type\":\"EntryPoint\",\"urlTemplate\":\"https:\/\/villadampierre.fr\/chambre-hote-pau\/?s={search_term_string}\"},\"query-input\":\"required name=search_term_string\"}],\"inLanguage\":\"fr-FR\"}]}<\/script>\n<!-- \/ Yoast SEO plugin. -->","yoast_head_json":{"title":"Chambre Hippique - Villa Dampierre","description":"A Pau m\u00eame, dans un parc bois\u00e9, une maison de ma\u00eetre offre ses chambres d'h\u00f4te. L'hippique aux beaux volumes allie l'ancien \u00e0 la modernit\u00e9 et un accueil chaleureux de deux montagnards","robots":{"index":"index","follow":"follow","max-snippet":"max-snippet:-1","max-image-preview":"max-image-preview:large","max-video-preview":"max-video-preview:-1"},"canonical":"https:\/\/villadampierre.fr\/chambre-hote-pau\/chambres-dhotes\/chambre-hippique\/","og_locale":"fr_FR","og_type":"article","og_title":"Chambre Hippique - Villa Dampierre","og_description":"A Pau m\u00eame, dans un parc bois\u00e9, une maison de ma\u00eetre offre ses chambres d'h\u00f4te. L'hippique aux beaux volumes allie l'ancien \u00e0 la modernit\u00e9 et un accueil chaleureux de deux montagnards","og_url":"https:\/\/villadampierre.fr\/chambre-hote-pau\/chambres-dhotes\/chambre-hippique\/","og_site_name":"Villa Dampierre","article_modified_time":"2024-02-10T15:05:08+00:00","og_image":[{"width":300,"height":222,"url":"https:\/\/villadampierre.fr\/chambre-hote-pau\/wp-content\/uploads\/course.jpg","type":"image\/jpeg"}],"twitter_misc":{"Dur\u00e9e de lecture estim\u00e9e":"1 minute"},"schema":{"@context":"https:\/\/schema.org","@graph":[{"@type":"WebPage","@id":"https:\/\/villadampierre.fr\/chambre-hote-pau\/chambres-dhotes\/chambre-hippique\/","url":"https:\/\/villadampierre.fr\/chambre-hote-pau\/chambres-dhotes\/chambre-hippique\/","name":"Chambre Hippique - Villa Dampierre","isPartOf":{"@id":"https:\/\/villadampierre.fr\/chambre-hote-pau\/#website"},"datePublished":"2013-05-23T12:50:53+00:00","dateModified":"2024-02-10T15:05:08+00:00","description":"A Pau m\u00eame, dans un parc bois\u00e9, une maison de ma\u00eetre offre ses chambres d'h\u00f4te. L'hippique aux beaux volumes allie l'ancien \u00e0 la modernit\u00e9 et un accueil chaleureux de deux montagnards","breadcrumb":{"@id":"https:\/\/villadampierre.fr\/chambre-hote-pau\/chambres-dhotes\/chambre-hippique\/#breadcrumb"},"inLanguage":"fr-FR","potentialAction":[{"@type":"ReadAction","target":["https:\/\/villadampierre.fr\/chambre-hote-pau\/chambres-dhotes\/chambre-hippique\/"]}]},{"@type":"BreadcrumbList","@id":"https:\/\/villadampierre.fr\/chambre-hote-pau\/chambres-dhotes\/chambre-hippique\/#breadcrumb","itemListElement":[{"@type":"ListItem","position":1,"name":"Accueil","item":"https:\/\/villadampierre.fr\/chambre-hote-pau\/"},{"@type":"ListItem","position":2,"name":"Chambre d&rsquo;h\u00f4tes","item":"https:\/\/villadampierre.fr\/chambre-hote-pau\/chambres-dhotes\/"},{"@type":"ListItem","position":3,"name":"Chambre Hippique"}]},{"@type":"WebSite","@id":"https:\/\/villadampierre.fr\/chambre-hote-pau\/#website","url":"https:\/\/villadampierre.fr\/chambre-hote-pau\/","name":"Villa Dampierre","description":"Pour un s\u00e9jour en chambre d&#039;h\u00f4tes \u00e0  Pau","potentialAction":[{"@type":"SearchAction","target":{"@type":"EntryPoint","urlTemplate":"https:\/\/villadampierre.fr\/chambre-hote-pau\/?s={search_term_string}"},"query-input":"required name=search_term_string"}],"inLanguage":"fr-FR"}]}},"_links":{"self":[{"href":"https:\/\/villadampierre.fr\/chambre-hote-pau\/wp-json\/wp\/v2\/pages\/88"}],"collection":[{"href":"https:\/\/villadampierre.fr\/chambre-hote-pau\/wp-json\/wp\/v2\/pages"}],"about":[{"href":"https:\/\/villadampierre.fr\/chambre-hote-pau\/wp-json\/wp\/v2\/types\/page"}],"author":[{"embeddable":true,"href":"https:\/\/villadampierre.fr\/chambre-hote-pau\/wp-json\/wp\/v2\/users\/2"}],"replies":[{"embeddable":true,"href":"https:\/\/villadampierre.fr\/chambre-hote-pau\/wp-json\/wp\/v2\/comments?post=88"}],"version-history":[{"count":69,"href":"https:\/\/villadampierre.fr\/chambre-hote-pau\/wp-json\/wp\/v2\/pages\/88\/revisions"}],"predecessor-version":[{"id":987,"href":"https:\/\/villadampierre.fr\/chambre-hote-pau\/wp-json\/wp\/v2\/pages\/88\/revisions\/987"}],"up":[{"embeddable":true,"href":"https:\/\/villadampierre.fr\/chambre-hote-pau\/wp-json\/wp\/v2\/pages\/82"}],"wp:featuredmedia":[{"embeddable":true,"href":"https:\/\/villadampierre.fr\/chambre-hote-pau\/wp-json\/wp\/v2\/media\/531"}],"wp:attachment":[{"href":"https:\/\/villadampierre.fr\/chambre-hote-pau\/wp-json\/wp\/v2\/media?parent=88"}],"curies":[{"name":"wp","href":"https:\/\/api.w.org\/{rel}","templated":true}]}}