{"id":85,"date":"2013-05-23T13:50:55","date_gmt":"2013-05-23T12:50:55","guid":{"rendered":"http:\/\/villadampierre.fr\/chambre-hote-pau\/?page_id=85"},"modified":"2024-02-10T17:07:07","modified_gmt":"2024-02-10T15:07:07","slug":"chambre-2","status":"publish","type":"page","link":"https:\/\/villadampierre.fr\/chambre-hote-pau\/chambres-dhotes\/chambre-2\/","title":{"rendered":"La chambr\u00e9e"},"content":{"rendered":"<p>Une chambre d&rsquo;enfants\u00a0 dot\u00e9e de trois lits simples pour se ressourcer dans une ambiance calme donnant sur un jardin bois\u00e9<\/p>\n<p><a href=\"http:\/\/villadampierre.fr\/chambre-hote-pau\/wp-content\/uploads\/IMG_0009.jpg\"><img decoding=\"async\" loading=\"lazy\" class=\"alignnone size-medium wp-image-420\" src=\"http:\/\/villadampierre.fr\/chambre-hote-pau\/wp-content\/uploads\/IMG_0009-300x224.jpg\" alt=\"IMG_0009\" width=\"300\" height=\"224\" srcset=\"https:\/\/villadampierre.fr\/chambre-hote-pau\/wp-content\/uploads\/IMG_0009-300x224.jpg 300w, https:\/\/villadampierre.fr\/chambre-hote-pau\/wp-content\/uploads\/IMG_0009-1024x768.jpg 1024w\" sizes=\"(max-width: 300px) 100vw, 300px\" \/><\/a><\/p>\n<div class=\"wpcf7 no-js\" id=\"wpcf7-f948-o1\" lang=\"fr-FR\" dir=\"ltr\">\n<div class=\"screen-reader-response\"><p role=\"status\" aria-live=\"polite\" aria-atomic=\"true\"><\/p> <ul><\/ul><\/div>\n<form action=\"\/chambre-hote-pau\/wp-json\/wp\/v2\/pages\/85#wpcf7-f948-o1\" method=\"post\" class=\"wpcf7-form init\" aria-label=\"Formulaire de contact\" novalidate=\"novalidate\" data-status=\"init\">\n<div style=\"display: none;\">\n<input type=\"hidden\" name=\"_wpcf7\" value=\"948\" \/>\n<input type=\"hidden\" name=\"_wpcf7_version\" value=\"5.7.2\" \/>\n<input type=\"hidden\" name=\"_wpcf7_locale\" value=\"fr_FR\" \/>\n<input type=\"hidden\" name=\"_wpcf7_unit_tag\" value=\"wpcf7-f948-o1\" \/>\n<input type=\"hidden\" name=\"_wpcf7_container_post\" value=\"0\" \/>\n<input type=\"hidden\" name=\"_wpcf7_posted_data_hash\" value=\"\" \/>\n<\/div>\n<p>Pour des informations sur une disponibilit\u00e9 remplissez les champs ci-dessous.<br \/>\nSi l'envoi de cette page ne marche pas, envoyez nous les informations par e-mail \u00e0 l'adresse suivante : villadampierre@gmail.com<br \/>\nou appelez nous au 0687850008\n<\/p>\n<p>A tr\u00e8s bient\u00f4t !\n<\/p>\n<p>Quand et pour qui souhaitez-vous r\u00e9server :\n<\/p>\n<p>Date d'arriv\u00e9e : <span class=\"wpcf7-form-control-wrap\" data-name=\"date-542\"><input class=\"wpcf7-form-control wpcf7-date wpcf7-validates-as-required wpcf7-validates-as-date\" min=\"2023-01-10\" aria-required=\"true\" aria-invalid=\"false\" value=\"\" type=\"date\" name=\"date-542\" \/><\/span>\n<\/p>\n<p>Date de d\u00e9part <span class=\"wpcf7-form-control-wrap\" data-name=\"dated-542\"><input class=\"wpcf7-form-control wpcf7-date wpcf7-validates-as-required wpcf7-validates-as-date\" min=\"2023-01-10\" aria-required=\"true\" aria-invalid=\"false\" value=\"\" type=\"date\" name=\"dated-542\" \/><\/span>\n<\/p>\n<p><label> Votre nom<br \/>\n<span class=\"wpcf7-form-control-wrap\" data-name=\"your-name\"><input size=\"40\" class=\"wpcf7-form-control wpcf7-text wpcf7-validates-as-required\" autocomplete=\"name\" aria-required=\"true\" aria-invalid=\"false\" value=\"\" type=\"text\" name=\"your-name\" \/><\/span> <\/label>\n<\/p>\n<p><label> Votre e-mail<br \/>\n<span class=\"wpcf7-form-control-wrap\" data-name=\"your-email\"><input size=\"40\" class=\"wpcf7-form-control wpcf7-text wpcf7-email wpcf7-validates-as-required wpcf7-validates-as-email\" autocomplete=\"email\" aria-required=\"true\" aria-invalid=\"false\" value=\"\" type=\"email\" name=\"your-email\" \/><\/span> <\/label>\n<\/p>\n<p><label> Votre t\u00e9l\u00e9phone :<br \/>\n<span class=\"wpcf7-form-control-wrap\" data-name=\"your-subject\"><input size=\"40\" class=\"wpcf7-form-control wpcf7-text wpcf7-validates-as-required\" aria-required=\"true\" aria-invalid=\"false\" value=\"\" type=\"text\" name=\"your-subject\" \/><\/span> <\/label>\n<\/p>\n<p>N'oubliez pas de pr\u00e9ciser combien vous serez. A tr\u00e8s bient\u00f4t!<br \/>\n<label> Votre message (facultatif)<br \/>\n<span class=\"wpcf7-form-control-wrap\" data-name=\"your-message\"><textarea cols=\"40\" rows=\"10\" class=\"wpcf7-form-control wpcf7-textarea\" aria-invalid=\"false\" name=\"your-message\"><\/textarea><\/span> <\/label>\n<\/p>\n<p><input class=\"wpcf7-form-control has-spinner wpcf7-submit\" type=\"submit\" value=\"Envoyer\" \/>\n<\/p><p style=\"display: none !important;\"><label>&#916;<textarea name=\"_wpcf7_ak_hp_textarea\" cols=\"45\" rows=\"8\" maxlength=\"100\"><\/textarea><\/label><input type=\"hidden\" id=\"ak_js_1\" name=\"_wpcf7_ak_js\" value=\"1\"\/><script>document.getElementById( \"ak_js_1\" ).setAttribute( \"value\", ( new Date() ).getTime() );<\/script><\/p><div class=\"wpcf7-response-output\" aria-hidden=\"true\"><\/div><\/form><\/div>\n","protected":false},"excerpt":{"rendered":"<p>Une chambre d&rsquo;enfants\u00a0 dot\u00e9e de trois lits simples pour se ressourcer dans une ambiance calme donnant sur un jardin bois\u00e9<\/p>\n","protected":false},"author":1,"featured_media":537,"parent":82,"menu_order":1,"comment_status":"open","ping_status":"open","template":"template-submenu_siblings.php","meta":[],"yoast_head":"<!-- This site is optimized with the Yoast SEO plugin v20.4 - https:\/\/yoast.com\/wordpress\/plugins\/seo\/ -->\n<title>La chambre des p\u00e9lerins<\/title>\n<meta name=\"description\" content=\"Trois lits de 90 pour se ressourcer dans une ambiance calme d&#039;une belle maison situ\u00e9e dans sur un jardin arbor\u00e9 avec une pi\u00e8ce \u00e0 vivre dot\u00e9e d&#039;une cuisine\" \/>\n<meta name=\"robots\" content=\"index, follow, max-snippet:-1, max-image-preview:large, max-video-preview:-1\" \/>\n<link rel=\"canonical\" href=\"https:\/\/villadampierre.fr\/chambre-hote-pau\/chambres-dhotes\/chambre-2\/\" \/>\n<meta property=\"og:locale\" content=\"fr_FR\" \/>\n<meta property=\"og:type\" content=\"article\" \/>\n<meta property=\"og:title\" content=\"La chambre des p\u00e9lerins\" \/>\n<meta property=\"og:description\" content=\"Trois lits de 90 pour se ressourcer dans une ambiance calme d&#039;une belle maison situ\u00e9e dans sur un jardin arbor\u00e9 avec une pi\u00e8ce \u00e0 vivre dot\u00e9e d&#039;une cuisine\" \/>\n<meta property=\"og:url\" content=\"https:\/\/villadampierre.fr\/chambre-hote-pau\/chambres-dhotes\/chambre-2\/\" \/>\n<meta property=\"og:site_name\" content=\"Villa Dampierre\" \/>\n<meta property=\"article:modified_time\" content=\"2024-02-10T15:07:07+00:00\" \/>\n<meta property=\"og:image\" content=\"https:\/\/villadampierre.fr\/chambre-hote-pau\/wp-content\/uploads\/peleri1.jpg\" \/>\n\t<meta property=\"og:image:width\" content=\"300\" \/>\n\t<meta property=\"og:image:height\" content=\"234\" \/>\n\t<meta property=\"og:image:type\" content=\"image\/jpeg\" \/>\n<meta name=\"twitter:label1\" content=\"Dur\u00e9e de lecture estim\u00e9e\" \/>\n\t<meta name=\"twitter:data1\" content=\"1 minute\" \/>\n<script type=\"application\/ld+json\" class=\"yoast-schema-graph\">{\"@context\":\"https:\/\/schema.org\",\"@graph\":[{\"@type\":\"WebPage\",\"@id\":\"https:\/\/villadampierre.fr\/chambre-hote-pau\/chambres-dhotes\/chambre-2\/\",\"url\":\"https:\/\/villadampierre.fr\/chambre-hote-pau\/chambres-dhotes\/chambre-2\/\",\"name\":\"La chambre des p\u00e9lerins\",\"isPartOf\":{\"@id\":\"https:\/\/villadampierre.fr\/chambre-hote-pau\/#website\"},\"datePublished\":\"2013-05-23T12:50:55+00:00\",\"dateModified\":\"2024-02-10T15:07:07+00:00\",\"description\":\"Trois lits de 90 pour se ressourcer dans une ambiance calme d'une belle maison situ\u00e9e dans sur un jardin arbor\u00e9 avec une pi\u00e8ce \u00e0 vivre dot\u00e9e d'une cuisine\",\"breadcrumb\":{\"@id\":\"https:\/\/villadampierre.fr\/chambre-hote-pau\/chambres-dhotes\/chambre-2\/#breadcrumb\"},\"inLanguage\":\"fr-FR\",\"potentialAction\":[{\"@type\":\"ReadAction\",\"target\":[\"https:\/\/villadampierre.fr\/chambre-hote-pau\/chambres-dhotes\/chambre-2\/\"]}]},{\"@type\":\"BreadcrumbList\",\"@id\":\"https:\/\/villadampierre.fr\/chambre-hote-pau\/chambres-dhotes\/chambre-2\/#breadcrumb\",\"itemListElement\":[{\"@type\":\"ListItem\",\"position\":1,\"name\":\"Accueil\",\"item\":\"https:\/\/villadampierre.fr\/chambre-hote-pau\/\"},{\"@type\":\"ListItem\",\"position\":2,\"name\":\"Chambre d&rsquo;h\u00f4tes\",\"item\":\"https:\/\/villadampierre.fr\/chambre-hote-pau\/chambres-dhotes\/\"},{\"@type\":\"ListItem\",\"position\":3,\"name\":\"La chambr\u00e9e\"}]},{\"@type\":\"WebSite\",\"@id\":\"https:\/\/villadampierre.fr\/chambre-hote-pau\/#website\",\"url\":\"https:\/\/villadampierre.fr\/chambre-hote-pau\/\",\"name\":\"Villa Dampierre\",\"description\":\"Pour un s\u00e9jour en chambre d&#039;h\u00f4tes \u00e0  Pau\",\"potentialAction\":[{\"@type\":\"SearchAction\",\"target\":{\"@type\":\"EntryPoint\",\"urlTemplate\":\"https:\/\/villadampierre.fr\/chambre-hote-pau\/?s={search_term_string}\"},\"query-input\":\"required name=search_term_string\"}],\"inLanguage\":\"fr-FR\"}]}<\/script>\n<!-- \/ Yoast SEO plugin. -->","yoast_head_json":{"title":"La chambre des p\u00e9lerins","description":"Trois lits de 90 pour se ressourcer dans une ambiance calme d'une belle maison situ\u00e9e dans sur un jardin arbor\u00e9 avec une pi\u00e8ce \u00e0 vivre dot\u00e9e d'une cuisine","robots":{"index":"index","follow":"follow","max-snippet":"max-snippet:-1","max-image-preview":"max-image-preview:large","max-video-preview":"max-video-preview:-1"},"canonical":"https:\/\/villadampierre.fr\/chambre-hote-pau\/chambres-dhotes\/chambre-2\/","og_locale":"fr_FR","og_type":"article","og_title":"La chambre des p\u00e9lerins","og_description":"Trois lits de 90 pour se ressourcer dans une ambiance calme d'une belle maison situ\u00e9e dans sur un jardin arbor\u00e9 avec une pi\u00e8ce \u00e0 vivre dot\u00e9e d'une cuisine","og_url":"https:\/\/villadampierre.fr\/chambre-hote-pau\/chambres-dhotes\/chambre-2\/","og_site_name":"Villa Dampierre","article_modified_time":"2024-02-10T15:07:07+00:00","og_image":[{"width":300,"height":234,"url":"https:\/\/villadampierre.fr\/chambre-hote-pau\/wp-content\/uploads\/peleri1.jpg","type":"image\/jpeg"}],"twitter_misc":{"Dur\u00e9e de lecture estim\u00e9e":"1 minute"},"schema":{"@context":"https:\/\/schema.org","@graph":[{"@type":"WebPage","@id":"https:\/\/villadampierre.fr\/chambre-hote-pau\/chambres-dhotes\/chambre-2\/","url":"https:\/\/villadampierre.fr\/chambre-hote-pau\/chambres-dhotes\/chambre-2\/","name":"La chambre des p\u00e9lerins","isPartOf":{"@id":"https:\/\/villadampierre.fr\/chambre-hote-pau\/#website"},"datePublished":"2013-05-23T12:50:55+00:00","dateModified":"2024-02-10T15:07:07+00:00","description":"Trois lits de 90 pour se ressourcer dans une ambiance calme d'une belle maison situ\u00e9e dans sur un jardin arbor\u00e9 avec une pi\u00e8ce \u00e0 vivre dot\u00e9e d'une cuisine","breadcrumb":{"@id":"https:\/\/villadampierre.fr\/chambre-hote-pau\/chambres-dhotes\/chambre-2\/#breadcrumb"},"inLanguage":"fr-FR","potentialAction":[{"@type":"ReadAction","target":["https:\/\/villadampierre.fr\/chambre-hote-pau\/chambres-dhotes\/chambre-2\/"]}]},{"@type":"BreadcrumbList","@id":"https:\/\/villadampierre.fr\/chambre-hote-pau\/chambres-dhotes\/chambre-2\/#breadcrumb","itemListElement":[{"@type":"ListItem","position":1,"name":"Accueil","item":"https:\/\/villadampierre.fr\/chambre-hote-pau\/"},{"@type":"ListItem","position":2,"name":"Chambre d&rsquo;h\u00f4tes","item":"https:\/\/villadampierre.fr\/chambre-hote-pau\/chambres-dhotes\/"},{"@type":"ListItem","position":3,"name":"La chambr\u00e9e"}]},{"@type":"WebSite","@id":"https:\/\/villadampierre.fr\/chambre-hote-pau\/#website","url":"https:\/\/villadampierre.fr\/chambre-hote-pau\/","name":"Villa Dampierre","description":"Pour un s\u00e9jour en chambre d&#039;h\u00f4tes \u00e0  Pau","potentialAction":[{"@type":"SearchAction","target":{"@type":"EntryPoint","urlTemplate":"https:\/\/villadampierre.fr\/chambre-hote-pau\/?s={search_term_string}"},"query-input":"required name=search_term_string"}],"inLanguage":"fr-FR"}]}},"_links":{"self":[{"href":"https:\/\/villadampierre.fr\/chambre-hote-pau\/wp-json\/wp\/v2\/pages\/85"}],"collection":[{"href":"https:\/\/villadampierre.fr\/chambre-hote-pau\/wp-json\/wp\/v2\/pages"}],"about":[{"href":"https:\/\/villadampierre.fr\/chambre-hote-pau\/wp-json\/wp\/v2\/types\/page"}],"author":[{"embeddable":true,"href":"https:\/\/villadampierre.fr\/chambre-hote-pau\/wp-json\/wp\/v2\/users\/1"}],"replies":[{"embeddable":true,"href":"https:\/\/villadampierre.fr\/chambre-hote-pau\/wp-json\/wp\/v2\/comments?post=85"}],"version-history":[{"count":20,"href":"https:\/\/villadampierre.fr\/chambre-hote-pau\/wp-json\/wp\/v2\/pages\/85\/revisions"}],"predecessor-version":[{"id":988,"href":"https:\/\/villadampierre.fr\/chambre-hote-pau\/wp-json\/wp\/v2\/pages\/85\/revisions\/988"}],"up":[{"embeddable":true,"href":"https:\/\/villadampierre.fr\/chambre-hote-pau\/wp-json\/wp\/v2\/pages\/82"}],"wp:featuredmedia":[{"embeddable":true,"href":"https:\/\/villadampierre.fr\/chambre-hote-pau\/wp-json\/wp\/v2\/media\/537"}],"wp:attachment":[{"href":"https:\/\/villadampierre.fr\/chambre-hote-pau\/wp-json\/wp\/v2\/media?parent=85"}],"curies":[{"name":"wp","href":"https:\/\/api.w.org\/{rel}","templated":true}]}}