{"id":824,"date":"2017-07-11T19:11:25","date_gmt":"2017-07-11T17:11:25","guid":{"rendered":"http:\/\/villadampierre.fr\/chambre-hote-pau\/?page_id=824"},"modified":"2024-02-10T17:08:04","modified_gmt":"2024-02-10T15:08:04","slug":"chambre-harmonie","status":"publish","type":"page","link":"https:\/\/villadampierre.fr\/chambre-hote-pau\/chambres-dhotes\/chambre-harmonie\/","title":{"rendered":"Chambre Harmonie"},"content":{"rendered":"<p>L&rsquo;apog\u00e9e de nos chambres. Harmonie\u00a0est \u00e0 l&rsquo;image de la maison, belle et grande alliant le charme de l&rsquo;ancien au confort.<\/p>\n<p>Tout particuli\u00e8rement fiers puisque c&rsquo;est de nos mains qu&rsquo;est n\u00e9 ce bijou. \u00a0Vous p\u00e9n\u00e9trez dans l&rsquo;Harmonie, c&rsquo;est beau, lumineux. Une grande s\u00e9r\u00e9nit\u00e9 vous envahit. Vous\u00a0\u00e9prouverez l&rsquo;envie de se poser, \u00a0de se reposer : \u00a0un canap\u00e9 douillet, un lit immense, des couleurs suaves, un mobilier ancien qui tranche avec la douceur du mur en ch\u00eane et la couleur d&rsquo;aquarelles au mur.<\/p>\n<p>La chambre au premier \u00e9tage est expos\u00e9e plein Sud, avec vue sur le jardin et les transats qui vous tendent les bras.<\/p>\n<p>Vous d\u00e9couvrirez une salle d&rsquo;eau , avec sa douche \u00e0 l&rsquo;italienne et le respect de l&rsquo;ancien avec ses frises de carreau en ciment.<\/p>\n<div class=\"easingsliderpro easingsliderpro-4  use-slide\" data-options=\"{&quot;dimensions&quot;:{&quot;width&quot;:800,&quot;height&quot;:500,&quot;responsive&quot;:&quot;&quot;},&quot;transitions&quot;:{&quot;effect&quot;:&quot;slide&quot;,&quot;duration&quot;:500,&quot;touch&quot;:true},&quot;navigation&quot;:{&quot;arrows&quot;:true,&quot;arrows_hover&quot;:false,&quot;arrows_position&quot;:&quot;inside&quot;,&quot;pagination&quot;:true,&quot;pagination_hover&quot;:false,&quot;pagination_position&quot;:&quot;inside&quot;,&quot;pagination_location&quot;:&quot;bottom-center&quot;},&quot;playback&quot;:{&quot;enabled&quot;:true,&quot;pause&quot;:4000}}\" style=\"width: 800px; height: 500px\">\n    <div class=\"easingsliderpro-viewport\" style=\"padding-top: 62.5% !important;\">\n        <div class=\"easingsliderpro-slides-container\" style=\"display: none; width: 900%;\">\n                                                    <div class=\"easingsliderpro-slide\" style=\"width: 800px; height: 500px\">\n                                            <img src=\"http:\/\/villadampierre.fr\/chambre-hote-pau\/wp-content\/uploads\/IMG_6190-800x500.jpg\" class=\"easingsliderpro-image\" alt=\"\" title=\"IMG_6190\" \/>\n                                                        <\/div>\n                                        <div class=\"easingsliderpro-slide\" style=\"width: 800px; height: 500px\">\n                                            <img src=\"http:\/\/villadampierre.fr\/chambre-hote-pau\/wp-content\/uploads\/IMG_6185-800x500.jpg\" class=\"easingsliderpro-image\" alt=\"\" title=\"IMG_6185\" \/>\n                                                        <\/div>\n                                        <div class=\"easingsliderpro-slide\" style=\"width: 800px; height: 500px\">\n                                            <img src=\"http:\/\/villadampierre.fr\/chambre-hote-pau\/wp-content\/uploads\/IMG_6189-800x500.jpg\" class=\"easingsliderpro-image\" alt=\"\" title=\"IMG_6189\" \/>\n                                                        <\/div>\n                                        <div class=\"easingsliderpro-slide\" style=\"width: 800px; height: 500px\">\n                                            <img src=\"http:\/\/villadampierre.fr\/chambre-hote-pau\/wp-content\/uploads\/IMG_6237-800x500.jpg\" class=\"easingsliderpro-image\" alt=\"\" title=\"IMG_6237\" \/>\n                                                        <\/div>\n                                        <div class=\"easingsliderpro-slide\" style=\"width: 800px; height: 500px\">\n                                            <img src=\"http:\/\/villadampierre.fr\/chambre-hote-pau\/wp-content\/uploads\/IMG_6235-800x500.jpg\" class=\"easingsliderpro-image\" alt=\"\" title=\"IMG_6235\" \/>\n                                                        <\/div>\n                                        <div class=\"easingsliderpro-slide\" style=\"width: 800px; height: 500px\">\n                                            <img src=\"https:\/\/villadampierre.fr\/chambre-hote-pau\/wp-content\/uploads\/FEVRIER-2013-041.jpg\" class=\"easingsliderpro-image\" alt=\"\" title=\"FEVRIER 2013 041\" \/>\n                                                        <\/div>\n                                        <div class=\"easingsliderpro-slide\" style=\"width: 800px; height: 500px\">\n                                            <img src=\"https:\/\/villadampierre.fr\/chambre-hote-pau\/wp-content\/uploads\/IMG_4236-scaled.jpg\" class=\"easingsliderpro-image\" alt=\"\" title=\"IMG_4236\" \/>\n                                                        <\/div>\n                    <\/div>\n    <\/div>\n\n    <div class=\"easingsliderpro-preload\"><\/div>\n\n            <div class=\"easingsliderpro-arrows easingsliderpro-next inside\"><\/div>\n        <div class=\"easingsliderpro-arrows easingsliderpro-prev inside\"><\/div>\n    \n            <div class=\"easingsliderpro-pagination inside bottom-center\">\n                            <div class=\"easingsliderpro-icon\"><\/div>\n                            <div class=\"easingsliderpro-icon\"><\/div>\n                            <div class=\"easingsliderpro-icon\"><\/div>\n                            <div class=\"easingsliderpro-icon\"><\/div>\n                            <div class=\"easingsliderpro-icon\"><\/div>\n                            <div class=\"easingsliderpro-icon\"><\/div>\n                            <div class=\"easingsliderpro-icon\"><\/div>\n                    <\/div>\n    \n        <\/div>\n\n<div class='easingsliderpro-shadow' style='display: none; width: 800px; '><\/div>\n<div class=\"wpcf7 no-js\" id=\"wpcf7-f948-o1\" lang=\"fr-FR\" dir=\"ltr\">\n<div class=\"screen-reader-response\"><p role=\"status\" aria-live=\"polite\" aria-atomic=\"true\"><\/p> <ul><\/ul><\/div>\n<form action=\"\/chambre-hote-pau\/wp-json\/wp\/v2\/pages\/824#wpcf7-f948-o1\" method=\"post\" class=\"wpcf7-form init\" aria-label=\"Formulaire de contact\" novalidate=\"novalidate\" data-status=\"init\">\n<div style=\"display: none;\">\n<input type=\"hidden\" name=\"_wpcf7\" value=\"948\" \/>\n<input type=\"hidden\" name=\"_wpcf7_version\" value=\"5.7.2\" \/>\n<input type=\"hidden\" name=\"_wpcf7_locale\" value=\"fr_FR\" \/>\n<input type=\"hidden\" name=\"_wpcf7_unit_tag\" value=\"wpcf7-f948-o1\" \/>\n<input type=\"hidden\" name=\"_wpcf7_container_post\" value=\"0\" \/>\n<input type=\"hidden\" name=\"_wpcf7_posted_data_hash\" value=\"\" \/>\n<\/div>\n<p>Pour des informations sur une disponibilit\u00e9 remplissez les champs ci-dessous.<br \/>\nSi l'envoi de cette page ne marche pas, envoyez nous les informations par e-mail \u00e0 l'adresse suivante : villadampierre@gmail.com<br \/>\nou appelez nous au 0687850008\n<\/p>\n<p>A tr\u00e8s bient\u00f4t !\n<\/p>\n<p>Quand et pour qui souhaitez-vous r\u00e9server :\n<\/p>\n<p>Date d'arriv\u00e9e : <span class=\"wpcf7-form-control-wrap\" data-name=\"date-542\"><input class=\"wpcf7-form-control wpcf7-date wpcf7-validates-as-required wpcf7-validates-as-date\" min=\"2023-01-10\" aria-required=\"true\" aria-invalid=\"false\" value=\"\" type=\"date\" name=\"date-542\" \/><\/span>\n<\/p>\n<p>Date de d\u00e9part <span class=\"wpcf7-form-control-wrap\" data-name=\"dated-542\"><input class=\"wpcf7-form-control wpcf7-date wpcf7-validates-as-required wpcf7-validates-as-date\" min=\"2023-01-10\" aria-required=\"true\" aria-invalid=\"false\" value=\"\" type=\"date\" name=\"dated-542\" \/><\/span>\n<\/p>\n<p><label> Votre nom<br \/>\n<span class=\"wpcf7-form-control-wrap\" data-name=\"your-name\"><input size=\"40\" class=\"wpcf7-form-control wpcf7-text wpcf7-validates-as-required\" autocomplete=\"name\" aria-required=\"true\" aria-invalid=\"false\" value=\"\" type=\"text\" name=\"your-name\" \/><\/span> <\/label>\n<\/p>\n<p><label> Votre e-mail<br \/>\n<span class=\"wpcf7-form-control-wrap\" data-name=\"your-email\"><input size=\"40\" class=\"wpcf7-form-control wpcf7-text wpcf7-email wpcf7-validates-as-required wpcf7-validates-as-email\" autocomplete=\"email\" aria-required=\"true\" aria-invalid=\"false\" value=\"\" type=\"email\" name=\"your-email\" \/><\/span> <\/label>\n<\/p>\n<p><label> Votre t\u00e9l\u00e9phone :<br \/>\n<span class=\"wpcf7-form-control-wrap\" data-name=\"your-subject\"><input size=\"40\" class=\"wpcf7-form-control wpcf7-text wpcf7-validates-as-required\" aria-required=\"true\" aria-invalid=\"false\" value=\"\" type=\"text\" name=\"your-subject\" \/><\/span> <\/label>\n<\/p>\n<p>N'oubliez pas de pr\u00e9ciser combien vous serez. A tr\u00e8s bient\u00f4t!<br \/>\n<label> Votre message (facultatif)<br \/>\n<span class=\"wpcf7-form-control-wrap\" data-name=\"your-message\"><textarea cols=\"40\" rows=\"10\" class=\"wpcf7-form-control wpcf7-textarea\" aria-invalid=\"false\" name=\"your-message\"><\/textarea><\/span> <\/label>\n<\/p>\n<p><input class=\"wpcf7-form-control has-spinner wpcf7-submit\" type=\"submit\" value=\"Envoyer\" \/>\n<\/p><p style=\"display: none !important;\"><label>&#916;<textarea name=\"_wpcf7_ak_hp_textarea\" cols=\"45\" rows=\"8\" maxlength=\"100\"><\/textarea><\/label><input type=\"hidden\" id=\"ak_js_1\" name=\"_wpcf7_ak_js\" value=\"248\"\/><script>document.getElementById( \"ak_js_1\" ).setAttribute( \"value\", ( new Date() ).getTime() );<\/script><\/p><div class=\"wpcf7-response-output\" aria-hidden=\"true\"><\/div><\/form><\/div>\n","protected":false},"excerpt":{"rendered":"<p>L&rsquo;apog\u00e9e de nos chambres. Harmonie\u00a0est \u00e0 l&rsquo;image de la maison, belle et grande alliant le charme de l&rsquo;ancien au confort. Tout particuli\u00e8rement fiers puisque c&rsquo;est &hellip;<\/p>\n","protected":false},"author":1,"featured_media":829,"parent":82,"menu_order":4,"comment_status":"open","ping_status":"open","template":"template-submenu_siblings.php","meta":[],"yoast_head":"<!-- This site is optimized with the Yoast SEO plugin v20.4 - https:\/\/yoast.com\/wordpress\/plugins\/seo\/ -->\n<title>Chambre Harmonie - Villa Dampierre<\/title>\n<meta name=\"robots\" content=\"index, follow, max-snippet:-1, max-image-preview:large, max-video-preview:-1\" \/>\n<link rel=\"canonical\" href=\"https:\/\/villadampierre.fr\/chambre-hote-pau\/chambres-dhotes\/chambre-harmonie\/\" \/>\n<meta property=\"og:locale\" content=\"fr_FR\" \/>\n<meta property=\"og:type\" content=\"article\" \/>\n<meta property=\"og:title\" content=\"Chambre Harmonie - Villa Dampierre\" \/>\n<meta property=\"og:description\" content=\"L&rsquo;apog\u00e9e de nos chambres. Harmonie\u00a0est \u00e0 l&rsquo;image de la maison, belle et grande alliant le charme de l&rsquo;ancien au confort. Tout particuli\u00e8rement fiers puisque c&rsquo;est &hellip;\" \/>\n<meta property=\"og:url\" content=\"https:\/\/villadampierre.fr\/chambre-hote-pau\/chambres-dhotes\/chambre-harmonie\/\" \/>\n<meta property=\"og:site_name\" content=\"Villa Dampierre\" \/>\n<meta property=\"article:modified_time\" content=\"2024-02-10T15:08:04+00:00\" \/>\n<meta property=\"og:image\" content=\"https:\/\/villadampierre.fr\/chambre-hote-pau\/wp-content\/uploads\/IMG_6184-e1500541673654.jpg\" \/>\n\t<meta property=\"og:image:width\" content=\"300\" \/>\n\t<meta property=\"og:image:height\" content=\"449\" \/>\n\t<meta property=\"og:image:type\" content=\"image\/jpeg\" \/>\n<meta name=\"twitter:label1\" content=\"Dur\u00e9e de lecture estim\u00e9e\" \/>\n\t<meta name=\"twitter:data1\" content=\"1 minute\" \/>\n<script type=\"application\/ld+json\" class=\"yoast-schema-graph\">{\"@context\":\"https:\/\/schema.org\",\"@graph\":[{\"@type\":\"WebPage\",\"@id\":\"https:\/\/villadampierre.fr\/chambre-hote-pau\/chambres-dhotes\/chambre-harmonie\/\",\"url\":\"https:\/\/villadampierre.fr\/chambre-hote-pau\/chambres-dhotes\/chambre-harmonie\/\",\"name\":\"Chambre Harmonie - Villa Dampierre\",\"isPartOf\":{\"@id\":\"https:\/\/villadampierre.fr\/chambre-hote-pau\/#website\"},\"datePublished\":\"2017-07-11T17:11:25+00:00\",\"dateModified\":\"2024-02-10T15:08:04+00:00\",\"breadcrumb\":{\"@id\":\"https:\/\/villadampierre.fr\/chambre-hote-pau\/chambres-dhotes\/chambre-harmonie\/#breadcrumb\"},\"inLanguage\":\"fr-FR\",\"potentialAction\":[{\"@type\":\"ReadAction\",\"target\":[\"https:\/\/villadampierre.fr\/chambre-hote-pau\/chambres-dhotes\/chambre-harmonie\/\"]}]},{\"@type\":\"BreadcrumbList\",\"@id\":\"https:\/\/villadampierre.fr\/chambre-hote-pau\/chambres-dhotes\/chambre-harmonie\/#breadcrumb\",\"itemListElement\":[{\"@type\":\"ListItem\",\"position\":1,\"name\":\"Accueil\",\"item\":\"https:\/\/villadampierre.fr\/chambre-hote-pau\/\"},{\"@type\":\"ListItem\",\"position\":2,\"name\":\"Chambre d&rsquo;h\u00f4tes\",\"item\":\"https:\/\/villadampierre.fr\/chambre-hote-pau\/chambres-dhotes\/\"},{\"@type\":\"ListItem\",\"position\":3,\"name\":\"Chambre Harmonie\"}]},{\"@type\":\"WebSite\",\"@id\":\"https:\/\/villadampierre.fr\/chambre-hote-pau\/#website\",\"url\":\"https:\/\/villadampierre.fr\/chambre-hote-pau\/\",\"name\":\"Villa Dampierre\",\"description\":\"Pour un s\u00e9jour en chambre d&#039;h\u00f4tes \u00e0  Pau\",\"potentialAction\":[{\"@type\":\"SearchAction\",\"target\":{\"@type\":\"EntryPoint\",\"urlTemplate\":\"https:\/\/villadampierre.fr\/chambre-hote-pau\/?s={search_term_string}\"},\"query-input\":\"required name=search_term_string\"}],\"inLanguage\":\"fr-FR\"}]}<\/script>\n<!-- \/ Yoast SEO plugin. -->","yoast_head_json":{"title":"Chambre Harmonie - Villa Dampierre","robots":{"index":"index","follow":"follow","max-snippet":"max-snippet:-1","max-image-preview":"max-image-preview:large","max-video-preview":"max-video-preview:-1"},"canonical":"https:\/\/villadampierre.fr\/chambre-hote-pau\/chambres-dhotes\/chambre-harmonie\/","og_locale":"fr_FR","og_type":"article","og_title":"Chambre Harmonie - Villa Dampierre","og_description":"L&rsquo;apog\u00e9e de nos chambres. Harmonie\u00a0est \u00e0 l&rsquo;image de la maison, belle et grande alliant le charme de l&rsquo;ancien au confort. Tout particuli\u00e8rement fiers puisque c&rsquo;est &hellip;","og_url":"https:\/\/villadampierre.fr\/chambre-hote-pau\/chambres-dhotes\/chambre-harmonie\/","og_site_name":"Villa Dampierre","article_modified_time":"2024-02-10T15:08:04+00:00","og_image":[{"width":300,"height":449,"url":"https:\/\/villadampierre.fr\/chambre-hote-pau\/wp-content\/uploads\/IMG_6184-e1500541673654.jpg","type":"image\/jpeg"}],"twitter_misc":{"Dur\u00e9e de lecture estim\u00e9e":"1 minute"},"schema":{"@context":"https:\/\/schema.org","@graph":[{"@type":"WebPage","@id":"https:\/\/villadampierre.fr\/chambre-hote-pau\/chambres-dhotes\/chambre-harmonie\/","url":"https:\/\/villadampierre.fr\/chambre-hote-pau\/chambres-dhotes\/chambre-harmonie\/","name":"Chambre Harmonie - Villa Dampierre","isPartOf":{"@id":"https:\/\/villadampierre.fr\/chambre-hote-pau\/#website"},"datePublished":"2017-07-11T17:11:25+00:00","dateModified":"2024-02-10T15:08:04+00:00","breadcrumb":{"@id":"https:\/\/villadampierre.fr\/chambre-hote-pau\/chambres-dhotes\/chambre-harmonie\/#breadcrumb"},"inLanguage":"fr-FR","potentialAction":[{"@type":"ReadAction","target":["https:\/\/villadampierre.fr\/chambre-hote-pau\/chambres-dhotes\/chambre-harmonie\/"]}]},{"@type":"BreadcrumbList","@id":"https:\/\/villadampierre.fr\/chambre-hote-pau\/chambres-dhotes\/chambre-harmonie\/#breadcrumb","itemListElement":[{"@type":"ListItem","position":1,"name":"Accueil","item":"https:\/\/villadampierre.fr\/chambre-hote-pau\/"},{"@type":"ListItem","position":2,"name":"Chambre d&rsquo;h\u00f4tes","item":"https:\/\/villadampierre.fr\/chambre-hote-pau\/chambres-dhotes\/"},{"@type":"ListItem","position":3,"name":"Chambre Harmonie"}]},{"@type":"WebSite","@id":"https:\/\/villadampierre.fr\/chambre-hote-pau\/#website","url":"https:\/\/villadampierre.fr\/chambre-hote-pau\/","name":"Villa Dampierre","description":"Pour un s\u00e9jour en chambre d&#039;h\u00f4tes \u00e0  Pau","potentialAction":[{"@type":"SearchAction","target":{"@type":"EntryPoint","urlTemplate":"https:\/\/villadampierre.fr\/chambre-hote-pau\/?s={search_term_string}"},"query-input":"required name=search_term_string"}],"inLanguage":"fr-FR"}]}},"_links":{"self":[{"href":"https:\/\/villadampierre.fr\/chambre-hote-pau\/wp-json\/wp\/v2\/pages\/824"}],"collection":[{"href":"https:\/\/villadampierre.fr\/chambre-hote-pau\/wp-json\/wp\/v2\/pages"}],"about":[{"href":"https:\/\/villadampierre.fr\/chambre-hote-pau\/wp-json\/wp\/v2\/types\/page"}],"author":[{"embeddable":true,"href":"https:\/\/villadampierre.fr\/chambre-hote-pau\/wp-json\/wp\/v2\/users\/1"}],"replies":[{"embeddable":true,"href":"https:\/\/villadampierre.fr\/chambre-hote-pau\/wp-json\/wp\/v2\/comments?post=824"}],"version-history":[{"count":3,"href":"https:\/\/villadampierre.fr\/chambre-hote-pau\/wp-json\/wp\/v2\/pages\/824\/revisions"}],"predecessor-version":[{"id":989,"href":"https:\/\/villadampierre.fr\/chambre-hote-pau\/wp-json\/wp\/v2\/pages\/824\/revisions\/989"}],"up":[{"embeddable":true,"href":"https:\/\/villadampierre.fr\/chambre-hote-pau\/wp-json\/wp\/v2\/pages\/82"}],"wp:featuredmedia":[{"embeddable":true,"href":"https:\/\/villadampierre.fr\/chambre-hote-pau\/wp-json\/wp\/v2\/media\/829"}],"wp:attachment":[{"href":"https:\/\/villadampierre.fr\/chambre-hote-pau\/wp-json\/wp\/v2\/media?parent=824"}],"curies":[{"name":"wp","href":"https:\/\/api.w.org\/{rel}","templated":true}]}}