{"id":82,"date":"2013-05-23T13:49:00","date_gmt":"2013-05-23T12:49:00","guid":{"rendered":"http:\/\/villadampierre.fr\/chambre-hote-pau\/?page_id=82"},"modified":"2016-11-28T00:17:03","modified_gmt":"2016-11-27T22:17:03","slug":"chambres-dhotes","status":"publish","type":"page","link":"https:\/\/villadampierre.fr\/chambre-hote-pau\/chambres-dhotes\/","title":{"rendered":"Chambre d&rsquo;h\u00f4tes"},"content":{"rendered":"<p>Un bed &amp; breakfast en pleine ville, comme il en existe peu.<\/p>\n<p>Tout le deuxi\u00e8me \u00e9tage est d\u00e9di\u00e9 \u00e0 votre accueil.<\/p>\n<p>Chaque chambre orient\u00e9e Sud offre une vue sur les Pyr\u00e9n\u00e9es.<\/p>\n<p>Au bout du couloir vous d\u00e9couvrirez le salon qui est une pi\u00e8ce \u00e0 vivre.<\/p>\n<p>Anciennement atelier d&rsquo;artiste de tante Edith, il est lumineux et pratique avec son coin cuisine.<\/p>\n<p>Nous vous y accueillerons avec un verre de<span style=\"background-color: #ffffff; color: #ff0000;\"> Juran\u00e7on<\/span> agr\u00e9ment\u00e9.<\/p>\n<p>A vous de choisir vers quelle chambre vous optez. Elles sont toutes aussi confortables, r\u00e9nov\u00e9es r\u00e9cemment disposant de beaux volumes et de tout le confort esp\u00e9r\u00e9&#8230;<\/p>\n<p>Chacune a son trait de caract\u00e8re qui lui est propre et m\u00e9rite d&rsquo;\u00eatre d\u00e9couverte.<br \/> Les enfants peuvent \u00eatre accueillis dans la chambr\u00e9e&#8230;<\/p>\n<p>&nbsp;<\/p>\n","protected":false},"excerpt":{"rendered":"<p>Un bed &amp; breakfast en pleine ville, comme il en existe peu. Tout le deuxi\u00e8me \u00e9tage est d\u00e9di\u00e9 \u00e0 votre accueil. Chaque chambre orient\u00e9e Sud &hellip;<\/p>\n","protected":false},"author":2,"featured_media":0,"parent":0,"menu_order":0,"comment_status":"open","ping_status":"open","template":"template_chambre.php","meta":[],"yoast_head":"<!-- This site is optimized with the Yoast SEO plugin v20.4 - https:\/\/yoast.com\/wordpress\/plugins\/seo\/ -->\n<title>Chambre d&#039;h\u00f4tes - Villa Dampierre<\/title>\n<meta name=\"description\" content=\"A Pau m\u00eame, dans un parc bois\u00e9, une maison de ma\u00eetre offre trois chambres d&#039;h\u00f4tes spacieuses aux beaux volumes alliant l&#039;ancien \u00e0 la modernit\u00e9 et un accueil chaleureux de deux montagnards, un bed&amp;breakfast et un g\u00eete\" \/>\n<meta name=\"robots\" content=\"index, follow, max-snippet:-1, max-image-preview:large, max-video-preview:-1\" \/>\n<link rel=\"canonical\" href=\"https:\/\/villadampierre.fr\/chambre-hote-pau\/chambres-dhotes\/\" \/>\n<meta property=\"og:locale\" content=\"fr_FR\" \/>\n<meta property=\"og:type\" content=\"article\" \/>\n<meta property=\"og:title\" content=\"Chambre d&#039;h\u00f4tes - Villa Dampierre\" \/>\n<meta property=\"og:description\" content=\"A Pau m\u00eame, dans un parc bois\u00e9, une maison de ma\u00eetre offre trois chambres d&#039;h\u00f4tes spacieuses aux beaux volumes alliant l&#039;ancien \u00e0 la modernit\u00e9 et un accueil chaleureux de deux montagnards, un bed&amp;breakfast et un g\u00eete\" \/>\n<meta property=\"og:url\" content=\"https:\/\/villadampierre.fr\/chambre-hote-pau\/chambres-dhotes\/\" \/>\n<meta property=\"og:site_name\" content=\"Villa Dampierre\" \/>\n<meta property=\"article:modified_time\" content=\"2016-11-27T22:17:03+00:00\" \/>\n<meta name=\"twitter:label1\" content=\"Dur\u00e9e de lecture estim\u00e9e\" \/>\n\t<meta name=\"twitter:data1\" content=\"1 minute\" \/>\n<script type=\"application\/ld+json\" class=\"yoast-schema-graph\">{\"@context\":\"https:\/\/schema.org\",\"@graph\":[{\"@type\":\"WebPage\",\"@id\":\"https:\/\/villadampierre.fr\/chambre-hote-pau\/chambres-dhotes\/\",\"url\":\"https:\/\/villadampierre.fr\/chambre-hote-pau\/chambres-dhotes\/\",\"name\":\"Chambre d'h\u00f4tes - Villa Dampierre\",\"isPartOf\":{\"@id\":\"https:\/\/villadampierre.fr\/chambre-hote-pau\/#website\"},\"datePublished\":\"2013-05-23T12:49:00+00:00\",\"dateModified\":\"2016-11-27T22:17:03+00:00\",\"description\":\"A Pau m\u00eame, dans un parc bois\u00e9, une maison de ma\u00eetre offre trois chambres d'h\u00f4tes spacieuses aux beaux volumes alliant l'ancien \u00e0 la modernit\u00e9 et un accueil chaleureux de deux montagnards, un bed&breakfast et un g\u00eete\",\"breadcrumb\":{\"@id\":\"https:\/\/villadampierre.fr\/chambre-hote-pau\/chambres-dhotes\/#breadcrumb\"},\"inLanguage\":\"fr-FR\",\"potentialAction\":[{\"@type\":\"ReadAction\",\"target\":[\"https:\/\/villadampierre.fr\/chambre-hote-pau\/chambres-dhotes\/\"]}]},{\"@type\":\"BreadcrumbList\",\"@id\":\"https:\/\/villadampierre.fr\/chambre-hote-pau\/chambres-dhotes\/#breadcrumb\",\"itemListElement\":[{\"@type\":\"ListItem\",\"position\":1,\"name\":\"Accueil\",\"item\":\"https:\/\/villadampierre.fr\/chambre-hote-pau\/\"},{\"@type\":\"ListItem\",\"position\":2,\"name\":\"Chambre d&rsquo;h\u00f4tes\"}]},{\"@type\":\"WebSite\",\"@id\":\"https:\/\/villadampierre.fr\/chambre-hote-pau\/#website\",\"url\":\"https:\/\/villadampierre.fr\/chambre-hote-pau\/\",\"name\":\"Villa Dampierre\",\"description\":\"Pour un s\u00e9jour en chambre d&#039;h\u00f4tes \u00e0  Pau\",\"potentialAction\":[{\"@type\":\"SearchAction\",\"target\":{\"@type\":\"EntryPoint\",\"urlTemplate\":\"https:\/\/villadampierre.fr\/chambre-hote-pau\/?s={search_term_string}\"},\"query-input\":\"required name=search_term_string\"}],\"inLanguage\":\"fr-FR\"}]}<\/script>\n<!-- \/ Yoast SEO plugin. -->","yoast_head_json":{"title":"Chambre d'h\u00f4tes - Villa Dampierre","description":"A Pau m\u00eame, dans un parc bois\u00e9, une maison de ma\u00eetre offre trois chambres d'h\u00f4tes spacieuses aux beaux volumes alliant l'ancien \u00e0 la modernit\u00e9 et un accueil chaleureux de deux montagnards, un bed&breakfast et un g\u00eete","robots":{"index":"index","follow":"follow","max-snippet":"max-snippet:-1","max-image-preview":"max-image-preview:large","max-video-preview":"max-video-preview:-1"},"canonical":"https:\/\/villadampierre.fr\/chambre-hote-pau\/chambres-dhotes\/","og_locale":"fr_FR","og_type":"article","og_title":"Chambre d'h\u00f4tes - Villa Dampierre","og_description":"A Pau m\u00eame, dans un parc bois\u00e9, une maison de ma\u00eetre offre trois chambres d'h\u00f4tes spacieuses aux beaux volumes alliant l'ancien \u00e0 la modernit\u00e9 et un accueil chaleureux de deux montagnards, un bed&breakfast et un g\u00eete","og_url":"https:\/\/villadampierre.fr\/chambre-hote-pau\/chambres-dhotes\/","og_site_name":"Villa Dampierre","article_modified_time":"2016-11-27T22:17:03+00:00","twitter_misc":{"Dur\u00e9e de lecture estim\u00e9e":"1 minute"},"schema":{"@context":"https:\/\/schema.org","@graph":[{"@type":"WebPage","@id":"https:\/\/villadampierre.fr\/chambre-hote-pau\/chambres-dhotes\/","url":"https:\/\/villadampierre.fr\/chambre-hote-pau\/chambres-dhotes\/","name":"Chambre d'h\u00f4tes - Villa Dampierre","isPartOf":{"@id":"https:\/\/villadampierre.fr\/chambre-hote-pau\/#website"},"datePublished":"2013-05-23T12:49:00+00:00","dateModified":"2016-11-27T22:17:03+00:00","description":"A Pau m\u00eame, dans un parc bois\u00e9, une maison de ma\u00eetre offre trois chambres d'h\u00f4tes spacieuses aux beaux volumes alliant l'ancien \u00e0 la modernit\u00e9 et un accueil chaleureux de deux montagnards, un bed&breakfast et un g\u00eete","breadcrumb":{"@id":"https:\/\/villadampierre.fr\/chambre-hote-pau\/chambres-dhotes\/#breadcrumb"},"inLanguage":"fr-FR","potentialAction":[{"@type":"ReadAction","target":["https:\/\/villadampierre.fr\/chambre-hote-pau\/chambres-dhotes\/"]}]},{"@type":"BreadcrumbList","@id":"https:\/\/villadampierre.fr\/chambre-hote-pau\/chambres-dhotes\/#breadcrumb","itemListElement":[{"@type":"ListItem","position":1,"name":"Accueil","item":"https:\/\/villadampierre.fr\/chambre-hote-pau\/"},{"@type":"ListItem","position":2,"name":"Chambre d&rsquo;h\u00f4tes"}]},{"@type":"WebSite","@id":"https:\/\/villadampierre.fr\/chambre-hote-pau\/#website","url":"https:\/\/villadampierre.fr\/chambre-hote-pau\/","name":"Villa Dampierre","description":"Pour un s\u00e9jour en chambre d&#039;h\u00f4tes \u00e0  Pau","potentialAction":[{"@type":"SearchAction","target":{"@type":"EntryPoint","urlTemplate":"https:\/\/villadampierre.fr\/chambre-hote-pau\/?s={search_term_string}"},"query-input":"required name=search_term_string"}],"inLanguage":"fr-FR"}]}},"_links":{"self":[{"href":"https:\/\/villadampierre.fr\/chambre-hote-pau\/wp-json\/wp\/v2\/pages\/82"}],"collection":[{"href":"https:\/\/villadampierre.fr\/chambre-hote-pau\/wp-json\/wp\/v2\/pages"}],"about":[{"href":"https:\/\/villadampierre.fr\/chambre-hote-pau\/wp-json\/wp\/v2\/types\/page"}],"author":[{"embeddable":true,"href":"https:\/\/villadampierre.fr\/chambre-hote-pau\/wp-json\/wp\/v2\/users\/2"}],"replies":[{"embeddable":true,"href":"https:\/\/villadampierre.fr\/chambre-hote-pau\/wp-json\/wp\/v2\/comments?post=82"}],"version-history":[{"count":46,"href":"https:\/\/villadampierre.fr\/chambre-hote-pau\/wp-json\/wp\/v2\/pages\/82\/revisions"}],"predecessor-version":[{"id":809,"href":"https:\/\/villadampierre.fr\/chambre-hote-pau\/wp-json\/wp\/v2\/pages\/82\/revisions\/809"}],"wp:attachment":[{"href":"https:\/\/villadampierre.fr\/chambre-hote-pau\/wp-json\/wp\/v2\/media?parent=82"}],"curies":[{"name":"wp","href":"https:\/\/api.w.org\/{rel}","templated":true}]}}