{"id":78,"date":"2013-05-23T13:29:56","date_gmt":"2013-05-23T12:29:56","guid":{"rendered":"http:\/\/villadampierre.fr\/chambre-hote-pau\/?page_id=78"},"modified":"2020-07-23T18:05:52","modified_gmt":"2020-07-23T16:05:52","slug":"le-portfolio","status":"publish","type":"page","link":"https:\/\/villadampierre.fr\/chambre-hote-pau\/le-portfolio\/","title":{"rendered":"Le portfolio"},"content":{"rendered":"","protected":false},"excerpt":{"rendered":"","protected":false},"author":2,"featured_media":0,"parent":0,"menu_order":0,"comment_status":"open","ping_status":"open","template":"template-portfolio.php","meta":[],"yoast_head":"<!-- This site is optimized with the Yoast SEO plugin v20.4 - https:\/\/yoast.com\/wordpress\/plugins\/seo\/ -->\n<title>Le portfolio - Villa Dampierre<\/title>\n<meta name=\"robots\" content=\"index, follow, max-snippet:-1, max-image-preview:large, max-video-preview:-1\" \/>\n<link rel=\"canonical\" href=\"https:\/\/villadampierre.fr\/chambre-hote-pau\/le-portfolio\/\" \/>\n<meta property=\"og:locale\" content=\"fr_FR\" \/>\n<meta property=\"og:type\" content=\"article\" \/>\n<meta property=\"og:title\" content=\"Le portfolio - Villa Dampierre\" \/>\n<meta property=\"og:url\" content=\"https:\/\/villadampierre.fr\/chambre-hote-pau\/le-portfolio\/\" \/>\n<meta property=\"og:site_name\" content=\"Villa Dampierre\" \/>\n<meta property=\"article:modified_time\" content=\"2020-07-23T16:05:52+00:00\" \/>\n<script type=\"application\/ld+json\" class=\"yoast-schema-graph\">{\"@context\":\"https:\/\/schema.org\",\"@graph\":[{\"@type\":\"WebPage\",\"@id\":\"https:\/\/villadampierre.fr\/chambre-hote-pau\/le-portfolio\/\",\"url\":\"https:\/\/villadampierre.fr\/chambre-hote-pau\/le-portfolio\/\",\"name\":\"Le portfolio - Villa Dampierre\",\"isPartOf\":{\"@id\":\"https:\/\/villadampierre.fr\/chambre-hote-pau\/#website\"},\"datePublished\":\"2013-05-23T12:29:56+00:00\",\"dateModified\":\"2020-07-23T16:05:52+00:00\",\"breadcrumb\":{\"@id\":\"https:\/\/villadampierre.fr\/chambre-hote-pau\/le-portfolio\/#breadcrumb\"},\"inLanguage\":\"fr-FR\",\"potentialAction\":[{\"@type\":\"ReadAction\",\"target\":[\"https:\/\/villadampierre.fr\/chambre-hote-pau\/le-portfolio\/\"]}]},{\"@type\":\"BreadcrumbList\",\"@id\":\"https:\/\/villadampierre.fr\/chambre-hote-pau\/le-portfolio\/#breadcrumb\",\"itemListElement\":[{\"@type\":\"ListItem\",\"position\":1,\"name\":\"Accueil\",\"item\":\"https:\/\/villadampierre.fr\/chambre-hote-pau\/\"},{\"@type\":\"ListItem\",\"position\":2,\"name\":\"Le portfolio\"}]},{\"@type\":\"WebSite\",\"@id\":\"https:\/\/villadampierre.fr\/chambre-hote-pau\/#website\",\"url\":\"https:\/\/villadampierre.fr\/chambre-hote-pau\/\",\"name\":\"Villa Dampierre\",\"description\":\"Pour un s\u00e9jour en chambre d&#039;h\u00f4tes \u00e0  Pau\",\"potentialAction\":[{\"@type\":\"SearchAction\",\"target\":{\"@type\":\"EntryPoint\",\"urlTemplate\":\"https:\/\/villadampierre.fr\/chambre-hote-pau\/?s={search_term_string}\"},\"query-input\":\"required name=search_term_string\"}],\"inLanguage\":\"fr-FR\"}]}<\/script>\n<!-- \/ Yoast SEO plugin. -->","yoast_head_json":{"title":"Le portfolio - Villa Dampierre","robots":{"index":"index","follow":"follow","max-snippet":"max-snippet:-1","max-image-preview":"max-image-preview:large","max-video-preview":"max-video-preview:-1"},"canonical":"https:\/\/villadampierre.fr\/chambre-hote-pau\/le-portfolio\/","og_locale":"fr_FR","og_type":"article","og_title":"Le portfolio - Villa Dampierre","og_url":"https:\/\/villadampierre.fr\/chambre-hote-pau\/le-portfolio\/","og_site_name":"Villa Dampierre","article_modified_time":"2020-07-23T16:05:52+00:00","schema":{"@context":"https:\/\/schema.org","@graph":[{"@type":"WebPage","@id":"https:\/\/villadampierre.fr\/chambre-hote-pau\/le-portfolio\/","url":"https:\/\/villadampierre.fr\/chambre-hote-pau\/le-portfolio\/","name":"Le portfolio - Villa Dampierre","isPartOf":{"@id":"https:\/\/villadampierre.fr\/chambre-hote-pau\/#website"},"datePublished":"2013-05-23T12:29:56+00:00","dateModified":"2020-07-23T16:05:52+00:00","breadcrumb":{"@id":"https:\/\/villadampierre.fr\/chambre-hote-pau\/le-portfolio\/#breadcrumb"},"inLanguage":"fr-FR","potentialAction":[{"@type":"ReadAction","target":["https:\/\/villadampierre.fr\/chambre-hote-pau\/le-portfolio\/"]}]},{"@type":"BreadcrumbList","@id":"https:\/\/villadampierre.fr\/chambre-hote-pau\/le-portfolio\/#breadcrumb","itemListElement":[{"@type":"ListItem","position":1,"name":"Accueil","item":"https:\/\/villadampierre.fr\/chambre-hote-pau\/"},{"@type":"ListItem","position":2,"name":"Le portfolio"}]},{"@type":"WebSite","@id":"https:\/\/villadampierre.fr\/chambre-hote-pau\/#website","url":"https:\/\/villadampierre.fr\/chambre-hote-pau\/","name":"Villa Dampierre","description":"Pour un s\u00e9jour en chambre d&#039;h\u00f4tes \u00e0  Pau","potentialAction":[{"@type":"SearchAction","target":{"@type":"EntryPoint","urlTemplate":"https:\/\/villadampierre.fr\/chambre-hote-pau\/?s={search_term_string}"},"query-input":"required name=search_term_string"}],"inLanguage":"fr-FR"}]}},"_links":{"self":[{"href":"https:\/\/villadampierre.fr\/chambre-hote-pau\/wp-json\/wp\/v2\/pages\/78"}],"collection":[{"href":"https:\/\/villadampierre.fr\/chambre-hote-pau\/wp-json\/wp\/v2\/pages"}],"about":[{"href":"https:\/\/villadampierre.fr\/chambre-hote-pau\/wp-json\/wp\/v2\/types\/page"}],"author":[{"embeddable":true,"href":"https:\/\/villadampierre.fr\/chambre-hote-pau\/wp-json\/wp\/v2\/users\/2"}],"replies":[{"embeddable":true,"href":"https:\/\/villadampierre.fr\/chambre-hote-pau\/wp-json\/wp\/v2\/comments?post=78"}],"version-history":[{"count":1,"href":"https:\/\/villadampierre.fr\/chambre-hote-pau\/wp-json\/wp\/v2\/pages\/78\/revisions"}],"predecessor-version":[{"id":79,"href":"https:\/\/villadampierre.fr\/chambre-hote-pau\/wp-json\/wp\/v2\/pages\/78\/revisions\/79"}],"wp:attachment":[{"href":"https:\/\/villadampierre.fr\/chambre-hote-pau\/wp-json\/wp\/v2\/media?parent=78"}],"curies":[{"name":"wp","href":"https:\/\/api.w.org\/{rel}","templated":true}]}}