{"id":727,"date":"2016-05-25T18:07:23","date_gmt":"2016-05-25T16:07:23","guid":{"rendered":"http:\/\/villadampierre.fr\/chambre-hote-pau\/?page_id=727"},"modified":"2017-01-14T16:13:31","modified_gmt":"2017-01-14T14:13:31","slug":"velo","status":"publish","type":"page","link":"https:\/\/villadampierre.fr\/chambre-hote-pau\/velo\/","title":{"rendered":"V\u00e9lo"},"content":{"rendered":"<p>VTT en Vall\u00e9e d&rsquo;Ossau<br \/>\n<img decoding=\"async\" loading=\"lazy\" class=\"alignnone\" src=\"http:\/\/villadampierre.fr\/chambre-hote-pau\/wp-content\/uploads\/VTTDampierre.jpg\" alt=\"\" width=\"56\" height=\"53\" \/> <\/a><\/p>\n<p>Des plans de VTT r\u00e9parties en 4  niveaux couvrent tout le territoire de la Vall\u00e9e d&rsquo;Ossau (exception faite de la zone coeur du Parc National).<\/p>\n<p>Chaque boucle fait l&rsquo;objet d&rsquo;une fiche t\u00e9l\u00e9chargeable. <\/p>\n<p>&#8211; Boucle VTT n\u00b01 (Niveau 1) : <a title=\"Acc\u00e8s au site dans une nouvelle fen\u00eatre...\" href=http:\/\/www.valleedossau.com\/wp-content\/uploads\/2016\/06\/Boucle-VTT-n%C2%B01-Croix-de-Buzy-Bescat.pdf><span style=\"color: blue;\"> Croix de Buzy\/Bescat<\/span><br \/>\n&#8211; Boucle VTT n\u00b02 (Niveau 1) : <a title=\"Acc\u00e8s au site dans une nouvelle fen\u00eatre...\" href=http:\/\/www.valleedossau.com\/wp-content\/uploads\/2016\/06\/Boucle-VTT-n%C2%B02-Le-Turon-de-T%C3%A9cou%C3%A8re.pdf><span style=\"color: blue;\"> Le Turon de T\u00e9cou\u00e8re<\/span><br \/>\n&#8211; Boucle VTT n\u00b03 (Niveau 2) : <a title=\"Acc\u00e8s au site dans une nouvelle fen\u00eatre...\" href=http:\/\/www.valleedossau.com\/wp-content\/uploads\/2016\/06\/Boucle-VTT-n%C2%B03-Le-gave-dOssau-d%C3%A9part-Arudy2.pdf><span style=\"color: blue;\"> Gave d&rsquo;Ossau d\u00e9part Arudy<\/span>   et <a title=\"Acc\u00e8s au site dans une nouvelle fen\u00eatre...\" href=http:\/\/www.valleedossau.com\/wp-content\/uploads\/2016\/06\/Boucle-VTT-n%C2%B03-Le-gave-dOssau-d%C3%A9part-Laruns2.pdf><span style=\"color: blue;\"> Gave d&rsquo;Ossau d\u00e9part Laruns<\/span><br \/>\n&#8211; Boucle VTT n\u00b04 (Niveau 2) : <a title=\"Acc\u00e8s au site dans une nouvelle fen\u00eatre...\" href=http:\/\/www.valleedossau.com\/wp-content\/uploads\/2016\/06\/Boucle-VTT-n%C2%B04-Le-Soum-de-grum.pdf><span style=\"color: blue;\"> Le Soum de Grum<\/span><br \/>\n&#8211; Boucle VTT n\u00b05  (Niveau 2) :<a title=\"Acc\u00e8s au site dans une nouvelle fen\u00eatre...\"href= http:\/\/www.valleedossau.com\/wp-content\/uploads\/2016\/06\/Boucle-VTT-n%C2%B05.pdf><span style=\"color: blue;\"> La tourbi\u00e8re<\/span><br \/>\n&#8211; Boucle VTT n\u00b07 (Niveau 2) : <a title=\"Acc\u00e8s au site dans une nouvelle fen\u00eatre...\" href=http:\/\/www.valleedossau.com\/wp-content\/uploads\/2016\/06\/Boucle-VTT-n%C2%B07-Les-trois-villages.pdf><span style=\"color: blue;\"> Boucle des 3 villages<\/span><br \/>\n&#8211; Boucle VTT n\u00b08  (Niveau 2) :<a title=\"Acc\u00e8s au site dans une nouvelle fen\u00eatre...\" href=http:\/\/www.valleedossau.com\/wp-content\/uploads\/2016\/06\/Boucle-VTT-n%C2%B08-Port-de-Castet.pdf><span style=\"color: blue;\"> Port de Castet<\/span><br \/>\n&#8211; Boucle VTT n\u00b09   (Niveau 3) :<a title=\"Acc\u00e8s au site dans une nouvelle fen\u00eatre...\" href=http:\/\/www.valleedossau.com\/wp-content\/uploads\/2016\/06\/Boucle-VTT-n%C2%B09-Plan%C3%A9-dAssiste-Granges-de-G%C3%A8re2.pdf><span style=\"color: blue;\"> Plan\u00e9 d&rsquo;Assiste\/Granges de G\u00e8re<\/span><br \/>\n&#8211; Boucle VTT n\u00b011 (Niveau 4) : <a title=\"Acc\u00e8s au site dans une nouvelle fen\u00eatre...\" href=http:\/\/www.valleedossau.com\/wp-content\/uploads\/2016\/06\/Boucle-VTT-n%C2%B011-modifi%C3%A9e-Lazerque.pdf><span style=\"color: blue;\">Boucle de Lazerque<\/span><br \/>\n&#8211; Boucle VTT n\u00b014 (Niveau 4) :<a title=\"Acc\u00e8s au site dans une nouvelle fen\u00eatre...\" href=http:\/\/www.valleedossau.com\/wp-content\/uploads\/2016\/06\/Boucle-VTT-n%C2%B014-Cambeilh.pdf><span style=\"color: blue;\"> Cambeilh<\/span><br \/>\n&#8211; Boucle VTT n\u00b015 (Niveau 2) :<a title=\"Acc\u00e8s au site dans une nouvelle fen\u00eatre...\" href=http:\/\/www.valleedossau.com\/wp-content\/uploads\/2016\/06\/Boucle-VTT-n%C2%B015-Le-Belv%C3%A9d%C3%A8re.pdf><span style=\"color: blue;\"> Le Belv\u00e9d\u00e8re d\u00e9part R\u00e9b\u00e9nacq<\/span> <\/a><\/p>\n<p><strong>Les grands cols \u00e0 tous ceux qui s&rsquo;entrainent pour le Tour de France : L&rsquo;Aubisque, Marie-Blanque, Le Pourtalet&#8230;<\/p>\n<p>L&rsquo;Aubisque, la route du Tour qui passe devant chez nous :<\/p>\n<p>Circuit de 95 km avec un d\u00e9nivel\u00e9 de 1677 m.  Ce parcours comporte 2 cols mythiques que sont le Soulor et l&rsquo;Aubisque.<br \/>\nLa mont\u00e9e depuis Ferri\u00e8res est pentue avec des passages \u00e0 9% et une moyenne \u00e0 8%.<br \/>\nEnsuite c&rsquo;est la descente dans le magnifique cirque du Litor avant de faire une mont\u00e9e d&rsquo;environ 5% vers le sommet de l&rsquo;Aubisque. Les 3 derniers km sont \u00e0 8%.<br \/>\nPetits braquets recommand\u00e9s (28&#215;24 par exemple).  <\/p>\n<p><b>Le Col de Marie Blanque.<\/p>\n<p><\/b><\/p>\n<p>Une boucle de la vall\u00e9e d&rsquo;Ossau vers la vall\u00e9e d&rsquo;Aspe de 55km en direction Saint Christau, vous traverserez la For\u00eat du Bager, puis apr\u00e8s Escot (25\u00e8me km), s&rsquo;attaque la fameuse mont\u00e9e du Col de Marie Blanque dont 9,5km \u00e0 7,5%. Descente par le joli plateau du B\u00e9nou et retour \u00e0 Bielle en Ossau en prenant  la fameuse c\u00f4te de Louvie.<\/p>\n<p>&#8211; Le Col du Pourtalet qui ralie la France \u00e0 l&rsquo;Espagne en passant par Laruns.<\/p>\n<p>&#8211; La route des Cols des Pyr\u00e9n\u00e9es de Larrau au Col d&rsquo;Aubisque<\/p>\n<p>&#8211; Le col de la Pierre Saint Martin au d\u00e9part d&rsquo;Arette.<\/p>\n<p>&#8211; Le Col d&rsquo;Issarbe au d\u00e9part de Lanne en Bar\u00e9tous<\/p>\n<p>&#8211; Le Circuit du Haut B\u00e9arn.<\/p>\n","protected":false},"excerpt":{"rendered":"<p>VTT en Vall\u00e9e d&rsquo;Ossau Des plans de VTT r\u00e9parties en 4 niveaux couvrent tout le territoire de la Vall\u00e9e d&rsquo;Ossau (exception faite de la zone &hellip;<\/p>\n","protected":false},"author":2,"featured_media":726,"parent":0,"menu_order":0,"comment_status":"open","ping_status":"open","template":"","meta":[],"yoast_head":"<!-- This site is optimized with the Yoast SEO plugin v20.4 - https:\/\/yoast.com\/wordpress\/plugins\/seo\/ -->\n<title>V\u00e9lo - Villa Dampierre<\/title>\n<meta name=\"description\" content=\"Des circuits v\u00e9lo en Vall\u00e9e d&#039;Ossau, des traces VTT pour tous les sportifs et amoureux de la nature ou de d\u00e9couverte\" \/>\n<meta name=\"robots\" content=\"index, follow, max-snippet:-1, max-image-preview:large, max-video-preview:-1\" \/>\n<link rel=\"canonical\" href=\"https:\/\/villadampierre.fr\/chambre-hote-pau\/velo\/\" \/>\n<meta property=\"og:locale\" content=\"fr_FR\" \/>\n<meta property=\"og:type\" content=\"article\" \/>\n<meta property=\"og:title\" content=\"V\u00e9lo - Villa Dampierre\" \/>\n<meta property=\"og:description\" content=\"Des circuits v\u00e9lo en Vall\u00e9e d&#039;Ossau, des traces VTT pour tous les sportifs et amoureux de la nature ou de d\u00e9couverte\" \/>\n<meta property=\"og:url\" content=\"https:\/\/villadampierre.fr\/chambre-hote-pau\/velo\/\" \/>\n<meta property=\"og:site_name\" content=\"Villa Dampierre\" \/>\n<meta property=\"article:modified_time\" content=\"2017-01-14T14:13:31+00:00\" \/>\n<meta property=\"og:image\" content=\"https:\/\/villadampierre.fr\/chambre-hote-pau\/wp-content\/uploads\/VTTDampierre.jpg\" \/>\n\t<meta property=\"og:image:width\" content=\"205\" \/>\n\t<meta property=\"og:image:height\" content=\"246\" \/>\n\t<meta property=\"og:image:type\" content=\"image\/jpeg\" \/>\n<meta name=\"twitter:label1\" content=\"Dur\u00e9e de lecture estim\u00e9e\" \/>\n\t<meta name=\"twitter:data1\" content=\"2 minutes\" \/>\n<script type=\"application\/ld+json\" class=\"yoast-schema-graph\">{\"@context\":\"https:\/\/schema.org\",\"@graph\":[{\"@type\":\"WebPage\",\"@id\":\"https:\/\/villadampierre.fr\/chambre-hote-pau\/velo\/\",\"url\":\"https:\/\/villadampierre.fr\/chambre-hote-pau\/velo\/\",\"name\":\"V\u00e9lo - Villa Dampierre\",\"isPartOf\":{\"@id\":\"https:\/\/villadampierre.fr\/chambre-hote-pau\/#website\"},\"datePublished\":\"2016-05-25T16:07:23+00:00\",\"dateModified\":\"2017-01-14T14:13:31+00:00\",\"description\":\"Des circuits v\u00e9lo en Vall\u00e9e d'Ossau, des traces VTT pour tous les sportifs et amoureux de la nature ou de d\u00e9couverte\",\"breadcrumb\":{\"@id\":\"https:\/\/villadampierre.fr\/chambre-hote-pau\/velo\/#breadcrumb\"},\"inLanguage\":\"fr-FR\",\"potentialAction\":[{\"@type\":\"ReadAction\",\"target\":[\"https:\/\/villadampierre.fr\/chambre-hote-pau\/velo\/\"]}]},{\"@type\":\"BreadcrumbList\",\"@id\":\"https:\/\/villadampierre.fr\/chambre-hote-pau\/velo\/#breadcrumb\",\"itemListElement\":[{\"@type\":\"ListItem\",\"position\":1,\"name\":\"Accueil\",\"item\":\"https:\/\/villadampierre.fr\/chambre-hote-pau\/\"},{\"@type\":\"ListItem\",\"position\":2,\"name\":\"V\u00e9lo\"}]},{\"@type\":\"WebSite\",\"@id\":\"https:\/\/villadampierre.fr\/chambre-hote-pau\/#website\",\"url\":\"https:\/\/villadampierre.fr\/chambre-hote-pau\/\",\"name\":\"Villa Dampierre\",\"description\":\"Pour un s\u00e9jour en chambre d&#039;h\u00f4tes \u00e0  Pau\",\"potentialAction\":[{\"@type\":\"SearchAction\",\"target\":{\"@type\":\"EntryPoint\",\"urlTemplate\":\"https:\/\/villadampierre.fr\/chambre-hote-pau\/?s={search_term_string}\"},\"query-input\":\"required name=search_term_string\"}],\"inLanguage\":\"fr-FR\"}]}<\/script>\n<!-- \/ Yoast SEO plugin. -->","yoast_head_json":{"title":"V\u00e9lo - Villa Dampierre","description":"Des circuits v\u00e9lo en Vall\u00e9e d'Ossau, des traces VTT pour tous les sportifs et amoureux de la nature ou de d\u00e9couverte","robots":{"index":"index","follow":"follow","max-snippet":"max-snippet:-1","max-image-preview":"max-image-preview:large","max-video-preview":"max-video-preview:-1"},"canonical":"https:\/\/villadampierre.fr\/chambre-hote-pau\/velo\/","og_locale":"fr_FR","og_type":"article","og_title":"V\u00e9lo - Villa Dampierre","og_description":"Des circuits v\u00e9lo en Vall\u00e9e d'Ossau, des traces VTT pour tous les sportifs et amoureux de la nature ou de d\u00e9couverte","og_url":"https:\/\/villadampierre.fr\/chambre-hote-pau\/velo\/","og_site_name":"Villa Dampierre","article_modified_time":"2017-01-14T14:13:31+00:00","og_image":[{"width":205,"height":246,"url":"https:\/\/villadampierre.fr\/chambre-hote-pau\/wp-content\/uploads\/VTTDampierre.jpg","type":"image\/jpeg"}],"twitter_misc":{"Dur\u00e9e de lecture estim\u00e9e":"2 minutes"},"schema":{"@context":"https:\/\/schema.org","@graph":[{"@type":"WebPage","@id":"https:\/\/villadampierre.fr\/chambre-hote-pau\/velo\/","url":"https:\/\/villadampierre.fr\/chambre-hote-pau\/velo\/","name":"V\u00e9lo - Villa Dampierre","isPartOf":{"@id":"https:\/\/villadampierre.fr\/chambre-hote-pau\/#website"},"datePublished":"2016-05-25T16:07:23+00:00","dateModified":"2017-01-14T14:13:31+00:00","description":"Des circuits v\u00e9lo en Vall\u00e9e d'Ossau, des traces VTT pour tous les sportifs et amoureux de la nature ou de d\u00e9couverte","breadcrumb":{"@id":"https:\/\/villadampierre.fr\/chambre-hote-pau\/velo\/#breadcrumb"},"inLanguage":"fr-FR","potentialAction":[{"@type":"ReadAction","target":["https:\/\/villadampierre.fr\/chambre-hote-pau\/velo\/"]}]},{"@type":"BreadcrumbList","@id":"https:\/\/villadampierre.fr\/chambre-hote-pau\/velo\/#breadcrumb","itemListElement":[{"@type":"ListItem","position":1,"name":"Accueil","item":"https:\/\/villadampierre.fr\/chambre-hote-pau\/"},{"@type":"ListItem","position":2,"name":"V\u00e9lo"}]},{"@type":"WebSite","@id":"https:\/\/villadampierre.fr\/chambre-hote-pau\/#website","url":"https:\/\/villadampierre.fr\/chambre-hote-pau\/","name":"Villa Dampierre","description":"Pour un s\u00e9jour en chambre d&#039;h\u00f4tes \u00e0  Pau","potentialAction":[{"@type":"SearchAction","target":{"@type":"EntryPoint","urlTemplate":"https:\/\/villadampierre.fr\/chambre-hote-pau\/?s={search_term_string}"},"query-input":"required name=search_term_string"}],"inLanguage":"fr-FR"}]}},"_links":{"self":[{"href":"https:\/\/villadampierre.fr\/chambre-hote-pau\/wp-json\/wp\/v2\/pages\/727"}],"collection":[{"href":"https:\/\/villadampierre.fr\/chambre-hote-pau\/wp-json\/wp\/v2\/pages"}],"about":[{"href":"https:\/\/villadampierre.fr\/chambre-hote-pau\/wp-json\/wp\/v2\/types\/page"}],"author":[{"embeddable":true,"href":"https:\/\/villadampierre.fr\/chambre-hote-pau\/wp-json\/wp\/v2\/users\/2"}],"replies":[{"embeddable":true,"href":"https:\/\/villadampierre.fr\/chambre-hote-pau\/wp-json\/wp\/v2\/comments?post=727"}],"version-history":[{"count":63,"href":"https:\/\/villadampierre.fr\/chambre-hote-pau\/wp-json\/wp\/v2\/pages\/727\/revisions"}],"predecessor-version":[{"id":821,"href":"https:\/\/villadampierre.fr\/chambre-hote-pau\/wp-json\/wp\/v2\/pages\/727\/revisions\/821"}],"wp:featuredmedia":[{"embeddable":true,"href":"https:\/\/villadampierre.fr\/chambre-hote-pau\/wp-json\/wp\/v2\/media\/726"}],"wp:attachment":[{"href":"https:\/\/villadampierre.fr\/chambre-hote-pau\/wp-json\/wp\/v2\/media?parent=727"}],"curies":[{"name":"wp","href":"https:\/\/api.w.org\/{rel}","templated":true}]}}