{"id":498,"date":"2014-12-20T15:41:27","date_gmt":"2014-12-20T13:41:27","guid":{"rendered":"http:\/\/villadampierre.fr\/chambre-hote-pau\/?page_id=498"},"modified":"2015-11-05T12:22:46","modified_gmt":"2015-11-05T10:22:46","slug":"google-maps-2","status":"publish","type":"page","link":"https:\/\/villadampierre.fr\/chambre-hote-pau\/google-maps-2\/","title":{"rendered":"O\u00f9"},"content":{"rendered":"<p>La maison se trouve en <a title=\"Acc\u00e8s au site dans une nouvelle fen\u00eatre...\" href=\"http:\/\/www.france.fr\" rel=\"external nofollow\"><span style=\"color: #0000ff;\">France<\/span> <\/a> dans notre beau Sud-Ouest \u00e0 <a title=\"Acc\u00e8s au site dans une nouvelle fen\u00eatre...\" href=\"http:\/\/www.pau.fr\" rel=\"external nofollow\"><span style=\"color: #0000ff;\">Pau<\/span> <\/a>,<strong>au centre ville<\/strong><\/p>\n<p>Il est ais\u00e9 de s&rsquo;y rendre<\/p>\n<p><span style=\"text-decoration: underline;\"><span style=\"color: #9f3838; text-decoration: underline;\">En avion :<\/span><\/span><br \/> <strong>a\u00e9roport Pau-Uzein<\/strong> \u00e0 12km &#8211; Un bus direct \u00a0P20, arr\u00eat la Herrere \u00e0 1mn \u00e0 pied<br \/> <strong>a\u00e9roport Biarritz<\/strong> \u00e0 119km soit 1h15 <strong>a\u00e9roport Toulouse<\/strong> \u00e0 198km soit 2h03 en voiture<br \/> <strong>a\u00e9roport Tarbes-Ossun<\/strong> \u00e0 44km soit 33mn<\/p>\n<p><span style=\"text-decoration: underline;\"><span style=\"color: #9f3838; text-decoration: underline;\">En voiture :<\/span><br \/><\/span>axe principal de la sortie autoroute de Pau vers le centre ville.<\/p>\n<p><span style=\"text-decoration: underline;\"><span style=\"color: #9f3838; text-decoration: underline;\">En train :<\/span><br \/> <\/span>arriv\u00e9e en gare de Pau, Ligne de Bus direct avec arr\u00eat de Bus \u00e0 1mn de la maison, arr\u00eat la Herrere &#8211; P20(a\u00e9roport -gare SNCF) ou \u00e0 30mn \u00e0 pieds<\/p>\n<p>&nbsp;<\/p>\n<p>&nbsp;<\/p>\n<p><iframe loading=\"lazy\" src=\"https:\/\/www.google.com\/maps\/embed?pb=!1m14!1m8!1m3!1d2903.2875028683775!2d-0.3652851999999999!3d43.3082406!3m2!1i1024!2i768!4f13.1!3m3!1m2!1s0xd5648c7dfadbc91%3A0xaa5a4fa6e9345a12!2s39+Avenue+Dufau%2C+64000+Pau!5e0!3m2!1sfr!2sfr!4v1420833647364\" width=\"800\" height=\"600\" frameborder=\"0\" style=\"border:0\"><\/iframe><\/p>\n","protected":false},"excerpt":{"rendered":"<p>La maison se trouve en France dans notre beau Sud-Ouest \u00e0 Pau ,au centre ville Il est ais\u00e9 de s&rsquo;y rendre En avion : a\u00e9roport &hellip;<\/p>\n","protected":false},"author":2,"featured_media":0,"parent":0,"menu_order":0,"comment_status":"open","ping_status":"open","template":"","meta":[],"yoast_head":"<!-- This site is optimized with the Yoast SEO plugin v20.4 - https:\/\/yoast.com\/wordpress\/plugins\/seo\/ -->\n<title>O\u00f9 - Villa Dampierre<\/title>\n<meta name=\"robots\" content=\"index, follow, max-snippet:-1, max-image-preview:large, max-video-preview:-1\" \/>\n<link rel=\"canonical\" href=\"https:\/\/villadampierre.fr\/chambre-hote-pau\/google-maps-2\/\" \/>\n<meta property=\"og:locale\" content=\"fr_FR\" \/>\n<meta property=\"og:type\" content=\"article\" \/>\n<meta property=\"og:title\" content=\"O\u00f9 - Villa Dampierre\" \/>\n<meta property=\"og:description\" content=\"La maison se trouve en France dans notre beau Sud-Ouest \u00e0 Pau ,au centre ville Il est ais\u00e9 de s&rsquo;y rendre En avion : a\u00e9roport &hellip;\" \/>\n<meta property=\"og:url\" content=\"https:\/\/villadampierre.fr\/chambre-hote-pau\/google-maps-2\/\" \/>\n<meta property=\"og:site_name\" content=\"Villa Dampierre\" \/>\n<meta property=\"article:modified_time\" content=\"2015-11-05T10:22:46+00:00\" \/>\n<meta name=\"twitter:label1\" content=\"Dur\u00e9e de lecture estim\u00e9e\" \/>\n\t<meta name=\"twitter:data1\" content=\"1 minute\" \/>\n<script type=\"application\/ld+json\" class=\"yoast-schema-graph\">{\"@context\":\"https:\/\/schema.org\",\"@graph\":[{\"@type\":\"WebPage\",\"@id\":\"https:\/\/villadampierre.fr\/chambre-hote-pau\/google-maps-2\/\",\"url\":\"https:\/\/villadampierre.fr\/chambre-hote-pau\/google-maps-2\/\",\"name\":\"O\u00f9 - Villa Dampierre\",\"isPartOf\":{\"@id\":\"https:\/\/villadampierre.fr\/chambre-hote-pau\/#website\"},\"datePublished\":\"2014-12-20T13:41:27+00:00\",\"dateModified\":\"2015-11-05T10:22:46+00:00\",\"breadcrumb\":{\"@id\":\"https:\/\/villadampierre.fr\/chambre-hote-pau\/google-maps-2\/#breadcrumb\"},\"inLanguage\":\"fr-FR\",\"potentialAction\":[{\"@type\":\"ReadAction\",\"target\":[\"https:\/\/villadampierre.fr\/chambre-hote-pau\/google-maps-2\/\"]}]},{\"@type\":\"BreadcrumbList\",\"@id\":\"https:\/\/villadampierre.fr\/chambre-hote-pau\/google-maps-2\/#breadcrumb\",\"itemListElement\":[{\"@type\":\"ListItem\",\"position\":1,\"name\":\"Accueil\",\"item\":\"https:\/\/villadampierre.fr\/chambre-hote-pau\/\"},{\"@type\":\"ListItem\",\"position\":2,\"name\":\"O\u00f9\"}]},{\"@type\":\"WebSite\",\"@id\":\"https:\/\/villadampierre.fr\/chambre-hote-pau\/#website\",\"url\":\"https:\/\/villadampierre.fr\/chambre-hote-pau\/\",\"name\":\"Villa Dampierre\",\"description\":\"Pour un s\u00e9jour en chambre d&#039;h\u00f4tes \u00e0  Pau\",\"potentialAction\":[{\"@type\":\"SearchAction\",\"target\":{\"@type\":\"EntryPoint\",\"urlTemplate\":\"https:\/\/villadampierre.fr\/chambre-hote-pau\/?s={search_term_string}\"},\"query-input\":\"required name=search_term_string\"}],\"inLanguage\":\"fr-FR\"}]}<\/script>\n<!-- \/ Yoast SEO plugin. -->","yoast_head_json":{"title":"O\u00f9 - Villa Dampierre","robots":{"index":"index","follow":"follow","max-snippet":"max-snippet:-1","max-image-preview":"max-image-preview:large","max-video-preview":"max-video-preview:-1"},"canonical":"https:\/\/villadampierre.fr\/chambre-hote-pau\/google-maps-2\/","og_locale":"fr_FR","og_type":"article","og_title":"O\u00f9 - Villa Dampierre","og_description":"La maison se trouve en France dans notre beau Sud-Ouest \u00e0 Pau ,au centre ville Il est ais\u00e9 de s&rsquo;y rendre En avion : a\u00e9roport &hellip;","og_url":"https:\/\/villadampierre.fr\/chambre-hote-pau\/google-maps-2\/","og_site_name":"Villa Dampierre","article_modified_time":"2015-11-05T10:22:46+00:00","twitter_misc":{"Dur\u00e9e de lecture estim\u00e9e":"1 minute"},"schema":{"@context":"https:\/\/schema.org","@graph":[{"@type":"WebPage","@id":"https:\/\/villadampierre.fr\/chambre-hote-pau\/google-maps-2\/","url":"https:\/\/villadampierre.fr\/chambre-hote-pau\/google-maps-2\/","name":"O\u00f9 - Villa Dampierre","isPartOf":{"@id":"https:\/\/villadampierre.fr\/chambre-hote-pau\/#website"},"datePublished":"2014-12-20T13:41:27+00:00","dateModified":"2015-11-05T10:22:46+00:00","breadcrumb":{"@id":"https:\/\/villadampierre.fr\/chambre-hote-pau\/google-maps-2\/#breadcrumb"},"inLanguage":"fr-FR","potentialAction":[{"@type":"ReadAction","target":["https:\/\/villadampierre.fr\/chambre-hote-pau\/google-maps-2\/"]}]},{"@type":"BreadcrumbList","@id":"https:\/\/villadampierre.fr\/chambre-hote-pau\/google-maps-2\/#breadcrumb","itemListElement":[{"@type":"ListItem","position":1,"name":"Accueil","item":"https:\/\/villadampierre.fr\/chambre-hote-pau\/"},{"@type":"ListItem","position":2,"name":"O\u00f9"}]},{"@type":"WebSite","@id":"https:\/\/villadampierre.fr\/chambre-hote-pau\/#website","url":"https:\/\/villadampierre.fr\/chambre-hote-pau\/","name":"Villa Dampierre","description":"Pour un s\u00e9jour en chambre d&#039;h\u00f4tes \u00e0  Pau","potentialAction":[{"@type":"SearchAction","target":{"@type":"EntryPoint","urlTemplate":"https:\/\/villadampierre.fr\/chambre-hote-pau\/?s={search_term_string}"},"query-input":"required name=search_term_string"}],"inLanguage":"fr-FR"}]}},"_links":{"self":[{"href":"https:\/\/villadampierre.fr\/chambre-hote-pau\/wp-json\/wp\/v2\/pages\/498"}],"collection":[{"href":"https:\/\/villadampierre.fr\/chambre-hote-pau\/wp-json\/wp\/v2\/pages"}],"about":[{"href":"https:\/\/villadampierre.fr\/chambre-hote-pau\/wp-json\/wp\/v2\/types\/page"}],"author":[{"embeddable":true,"href":"https:\/\/villadampierre.fr\/chambre-hote-pau\/wp-json\/wp\/v2\/users\/2"}],"replies":[{"embeddable":true,"href":"https:\/\/villadampierre.fr\/chambre-hote-pau\/wp-json\/wp\/v2\/comments?post=498"}],"version-history":[{"count":35,"href":"https:\/\/villadampierre.fr\/chambre-hote-pau\/wp-json\/wp\/v2\/pages\/498\/revisions"}],"predecessor-version":[{"id":634,"href":"https:\/\/villadampierre.fr\/chambre-hote-pau\/wp-json\/wp\/v2\/pages\/498\/revisions\/634"}],"wp:attachment":[{"href":"https:\/\/villadampierre.fr\/chambre-hote-pau\/wp-json\/wp\/v2\/media?parent=498"}],"curies":[{"name":"wp","href":"https:\/\/api.w.org\/{rel}","templated":true}]}}