{"id":297,"date":"2013-06-13T22:24:09","date_gmt":"2013-06-13T20:24:09","guid":{"rendered":"http:\/\/villadampierre.fr\/chambre-hote-pau\/?page_id=297"},"modified":"2025-05-14T09:02:37","modified_gmt":"2025-05-14T07:02:37","slug":"page-tarif","status":"publish","type":"page","link":"https:\/\/villadampierre.fr\/chambre-hote-pau\/page-tarif\/","title":{"rendered":"Tarifs"},"content":{"rendered":"<p>Un bed &amp; breakfast exceptionnel \u00e0 des prix magiques<\/p>\n<p>A la troisi\u00e8me nuit\u00e9e le s\u00e9jour de la seconde personne est <strong>gratuit<\/strong>. Venez \u00e0 deux sur plusieurs jours.<\/p>\n<p>L&rsquo;\u00e9t\u00e9, il convient d&rsquo;ajouter 5\u20ac par chambre.<\/p>\n<p>Pour tout animal de compagnie, nous demandons 5\u20ac, merci de votre compr\u00e9hension<\/p>\n<p>Pour une estimation du co\u00fbt de votre s\u00e9jour n&rsquo;h\u00e9sitez pas \u00e0 nous contacter 0687850008<\/p>\n<table style=\"border: 2px solid;\">\n<tbody>\n<tr>\n<th><\/th>\n<td>1 personne<\/td>\n<td>2 personnes<\/td>\n<td>3 personnes<\/td>\n<td>4 personnes<\/td>\n<\/tr>\n<tr>\n<th><a title=\"Chambre Sud\" href=\"http:\/\/villadampierre.fr\/chambre-hote-pau\/chambres-dhotes\/chambre-sud\/\">Chambre Montagne<\/a><\/th>\n<td><input name=\"checkSudbox1\" type=\"checkbox\" value=\"checkSudbox1\" \/>45\u00a0\u20ac<\/td>\n<td><input name=\"checkSudbox2\" type=\"checkbox\" value=\"checkSudbox2\" \/>60 \u20ac<\/td>\n<td><\/td>\n<td><\/td>\n<\/tr>\n<tr>\n<th><a title=\"Chambre Hyppique\" href=\"http:\/\/villadampierre.fr\/chambre-hote-pau\/chambres-dhotes\/chambre-hyppique\/\">Chambre Hippique<\/a><\/th>\n<td><input name=\"checkHypbox1\" type=\"checkbox\" value=\"checkHypbox1\" \/>\u00a050 \u20ac<\/td>\n<td><input name=\"checkHypbox2\" type=\"checkbox\" value=\"checkHypbox2\" \/>70 \u20ac<\/td>\n<td><input name=\"checkMontbox3\" type=\"checkbox\" value=\"checkMontbox3\" \/> 75 \u20ac<\/td>\n<td><\/td>\n<\/tr>\n<tr>\n<th><a title=\"Chambre Montagne\" href=\"http:\/\/villadampierre.fr\/chambre-hote-pau\/chambres-dhotes\/chambre-montagne\/\">Chambre Oc\u00e9an<\/a><\/th>\n<td><input name=\"checkMontbox1\" type=\"checkbox\" value=\"checkMontbox1\" \/>\u00a050 \u20ac<\/td>\n<td><input name=\"checkMontbox2\" type=\"checkbox\" value=\"checkMontbox2\" \/>65 \u20ac<\/td>\n<td><input name=\"checkMontbox3\" type=\"checkbox\" value=\"checkMontbox3\" \/> 75 \u20ac<\/td>\n<td><input name=\"checkMontbox4\" type=\"checkbox\" value=\"checkMontbox4\" \/> 80 \u20ac<\/td>\n<\/tr>\n<tr>\n<th><a title=\"Chambre Montagne\" href=\"http:\/\/villadampierre.fr\/chambre-hote-pau\/chambres-dhotes\/chambre-montagne\/\">Chambre Harmonie<\/a><\/th>\n<td><input name=\"checkMontbox1\" type=\"checkbox\" value=\"checkMontbox1\" \/>\u00a055 \u20ac<\/td>\n<td><input name=\"checkMontbox2\" type=\"checkbox\" value=\"checkMontbox2\" \/>80\u00a0\u20ac<\/td>\n<td><\/td>\n<td><\/td>\n<\/tr>\n<tr>\n<th><a title=\"La chambr\u00e9e\" href=\"http:\/\/villadampierre.fr\/chambre-hote-pau\/chambres-dhotes\/chambre-2\/\">Chambr\u00e9e<\/a><\/th>\n<td><input name=\"checkbox1\" type=\"checkbox\" value=\"checkbox1\" \/>20 \u20ac<\/td>\n<td><input name=\"checkbox2\" type=\"checkbox\" value=\"checkbox2\" \/>40 \u20ac<\/td>\n<td><input name=\"checkbox3\" type=\"checkbox\" value=\"checkbox3\" \/>60 \u20ac<\/td>\n<td><\/td>\n<\/tr>\n<\/tbody>\n<\/table>\n","protected":false},"excerpt":{"rendered":"<p>Un bed &amp; breakfast exceptionnel \u00e0 des prix magiques A la troisi\u00e8me nuit\u00e9e le s\u00e9jour de la seconde personne est gratuit. Venez \u00e0 deux sur &hellip;<\/p>\n","protected":false},"author":2,"featured_media":0,"parent":0,"menu_order":0,"comment_status":"open","ping_status":"open","template":"template_chambre.php","meta":[],"yoast_head":"<!-- This site is optimized with the Yoast SEO plugin v20.4 - https:\/\/yoast.com\/wordpress\/plugins\/seo\/ -->\n<title>Tarifs des chambres<\/title>\n<meta name=\"description\" content=\"Des prestations \u00e0 la carte, des prix raisonnables offrant un grand confort et des petits d\u00e9jeuners savoureux. Venez, n&#039;h\u00e9sitez pas \u00e0 nous contacter\" \/>\n<meta name=\"robots\" content=\"index, follow, max-snippet:-1, max-image-preview:large, max-video-preview:-1\" \/>\n<link rel=\"canonical\" href=\"https:\/\/villadampierre.fr\/chambre-hote-pau\/page-tarif\/\" \/>\n<meta property=\"og:locale\" content=\"fr_FR\" \/>\n<meta property=\"og:type\" content=\"article\" \/>\n<meta property=\"og:title\" content=\"Tarifs des chambres\" \/>\n<meta property=\"og:description\" content=\"Des prestations \u00e0 la carte, des prix raisonnables offrant un grand confort et des petits d\u00e9jeuners savoureux. Venez, n&#039;h\u00e9sitez pas \u00e0 nous contacter\" \/>\n<meta property=\"og:url\" content=\"https:\/\/villadampierre.fr\/chambre-hote-pau\/page-tarif\/\" \/>\n<meta property=\"og:site_name\" content=\"Villa Dampierre\" \/>\n<meta property=\"article:modified_time\" content=\"2025-05-14T07:02:37+00:00\" \/>\n<meta name=\"twitter:label1\" content=\"Dur\u00e9e de lecture estim\u00e9e\" \/>\n\t<meta name=\"twitter:data1\" content=\"1 minute\" \/>\n<script type=\"application\/ld+json\" class=\"yoast-schema-graph\">{\"@context\":\"https:\/\/schema.org\",\"@graph\":[{\"@type\":\"WebPage\",\"@id\":\"https:\/\/villadampierre.fr\/chambre-hote-pau\/page-tarif\/\",\"url\":\"https:\/\/villadampierre.fr\/chambre-hote-pau\/page-tarif\/\",\"name\":\"Tarifs des chambres\",\"isPartOf\":{\"@id\":\"https:\/\/villadampierre.fr\/chambre-hote-pau\/#website\"},\"datePublished\":\"2013-06-13T20:24:09+00:00\",\"dateModified\":\"2025-05-14T07:02:37+00:00\",\"description\":\"Des prestations \u00e0 la carte, des prix raisonnables offrant un grand confort et des petits d\u00e9jeuners savoureux. Venez, n'h\u00e9sitez pas \u00e0 nous contacter\",\"breadcrumb\":{\"@id\":\"https:\/\/villadampierre.fr\/chambre-hote-pau\/page-tarif\/#breadcrumb\"},\"inLanguage\":\"fr-FR\",\"potentialAction\":[{\"@type\":\"ReadAction\",\"target\":[\"https:\/\/villadampierre.fr\/chambre-hote-pau\/page-tarif\/\"]}]},{\"@type\":\"BreadcrumbList\",\"@id\":\"https:\/\/villadampierre.fr\/chambre-hote-pau\/page-tarif\/#breadcrumb\",\"itemListElement\":[{\"@type\":\"ListItem\",\"position\":1,\"name\":\"Accueil\",\"item\":\"https:\/\/villadampierre.fr\/chambre-hote-pau\/\"},{\"@type\":\"ListItem\",\"position\":2,\"name\":\"Tarifs\"}]},{\"@type\":\"WebSite\",\"@id\":\"https:\/\/villadampierre.fr\/chambre-hote-pau\/#website\",\"url\":\"https:\/\/villadampierre.fr\/chambre-hote-pau\/\",\"name\":\"Villa Dampierre\",\"description\":\"Pour un s\u00e9jour en chambre d&#039;h\u00f4tes \u00e0  Pau\",\"potentialAction\":[{\"@type\":\"SearchAction\",\"target\":{\"@type\":\"EntryPoint\",\"urlTemplate\":\"https:\/\/villadampierre.fr\/chambre-hote-pau\/?s={search_term_string}\"},\"query-input\":\"required name=search_term_string\"}],\"inLanguage\":\"fr-FR\"}]}<\/script>\n<!-- \/ Yoast SEO plugin. -->","yoast_head_json":{"title":"Tarifs des chambres","description":"Des prestations \u00e0 la carte, des prix raisonnables offrant un grand confort et des petits d\u00e9jeuners savoureux. Venez, n'h\u00e9sitez pas \u00e0 nous contacter","robots":{"index":"index","follow":"follow","max-snippet":"max-snippet:-1","max-image-preview":"max-image-preview:large","max-video-preview":"max-video-preview:-1"},"canonical":"https:\/\/villadampierre.fr\/chambre-hote-pau\/page-tarif\/","og_locale":"fr_FR","og_type":"article","og_title":"Tarifs des chambres","og_description":"Des prestations \u00e0 la carte, des prix raisonnables offrant un grand confort et des petits d\u00e9jeuners savoureux. Venez, n'h\u00e9sitez pas \u00e0 nous contacter","og_url":"https:\/\/villadampierre.fr\/chambre-hote-pau\/page-tarif\/","og_site_name":"Villa Dampierre","article_modified_time":"2025-05-14T07:02:37+00:00","twitter_misc":{"Dur\u00e9e de lecture estim\u00e9e":"1 minute"},"schema":{"@context":"https:\/\/schema.org","@graph":[{"@type":"WebPage","@id":"https:\/\/villadampierre.fr\/chambre-hote-pau\/page-tarif\/","url":"https:\/\/villadampierre.fr\/chambre-hote-pau\/page-tarif\/","name":"Tarifs des chambres","isPartOf":{"@id":"https:\/\/villadampierre.fr\/chambre-hote-pau\/#website"},"datePublished":"2013-06-13T20:24:09+00:00","dateModified":"2025-05-14T07:02:37+00:00","description":"Des prestations \u00e0 la carte, des prix raisonnables offrant un grand confort et des petits d\u00e9jeuners savoureux. Venez, n'h\u00e9sitez pas \u00e0 nous contacter","breadcrumb":{"@id":"https:\/\/villadampierre.fr\/chambre-hote-pau\/page-tarif\/#breadcrumb"},"inLanguage":"fr-FR","potentialAction":[{"@type":"ReadAction","target":["https:\/\/villadampierre.fr\/chambre-hote-pau\/page-tarif\/"]}]},{"@type":"BreadcrumbList","@id":"https:\/\/villadampierre.fr\/chambre-hote-pau\/page-tarif\/#breadcrumb","itemListElement":[{"@type":"ListItem","position":1,"name":"Accueil","item":"https:\/\/villadampierre.fr\/chambre-hote-pau\/"},{"@type":"ListItem","position":2,"name":"Tarifs"}]},{"@type":"WebSite","@id":"https:\/\/villadampierre.fr\/chambre-hote-pau\/#website","url":"https:\/\/villadampierre.fr\/chambre-hote-pau\/","name":"Villa Dampierre","description":"Pour un s\u00e9jour en chambre d&#039;h\u00f4tes \u00e0  Pau","potentialAction":[{"@type":"SearchAction","target":{"@type":"EntryPoint","urlTemplate":"https:\/\/villadampierre.fr\/chambre-hote-pau\/?s={search_term_string}"},"query-input":"required name=search_term_string"}],"inLanguage":"fr-FR"}]}},"_links":{"self":[{"href":"https:\/\/villadampierre.fr\/chambre-hote-pau\/wp-json\/wp\/v2\/pages\/297"}],"collection":[{"href":"https:\/\/villadampierre.fr\/chambre-hote-pau\/wp-json\/wp\/v2\/pages"}],"about":[{"href":"https:\/\/villadampierre.fr\/chambre-hote-pau\/wp-json\/wp\/v2\/types\/page"}],"author":[{"embeddable":true,"href":"https:\/\/villadampierre.fr\/chambre-hote-pau\/wp-json\/wp\/v2\/users\/2"}],"replies":[{"embeddable":true,"href":"https:\/\/villadampierre.fr\/chambre-hote-pau\/wp-json\/wp\/v2\/comments?post=297"}],"version-history":[{"count":39,"href":"https:\/\/villadampierre.fr\/chambre-hote-pau\/wp-json\/wp\/v2\/pages\/297\/revisions"}],"predecessor-version":[{"id":998,"href":"https:\/\/villadampierre.fr\/chambre-hote-pau\/wp-json\/wp\/v2\/pages\/297\/revisions\/998"}],"wp:attachment":[{"href":"https:\/\/villadampierre.fr\/chambre-hote-pau\/wp-json\/wp\/v2\/media?parent=297"}],"curies":[{"name":"wp","href":"https:\/\/api.w.org\/{rel}","templated":true}]}}