{"id":238,"date":"2013-06-05T14:53:58","date_gmt":"2013-06-05T12:53:58","guid":{"rendered":"http:\/\/villadampierre.fr\/chambre-hote-pau\/?page_id=238"},"modified":"2024-02-10T16:55:20","modified_gmt":"2024-02-10T14:55:20","slug":"chambre-ocean","status":"publish","type":"page","link":"https:\/\/villadampierre.fr\/chambre-hote-pau\/chambres-dhotes\/chambre-ocean\/","title":{"rendered":"Chambre Oc\u00e9an"},"content":{"rendered":"<p>Vous vivrez dans une\u00a0ambiance\u00a0douillette, aux lambris c\u00e9rus\u00e9s dans de beaux volumes.<\/p>\n<p>Et toujours un confort de circonstance dans un lit de 160, une salle d&rsquo;eau\u00a0que l&rsquo;on aimerait avoir chez soi, un salon avec canap\u00e9-lit et donc possibilit\u00e9 de faire lit s\u00e9par\u00e9 ou lit\u00a0suppl\u00e9mentaire.<\/p>\n<p>La chambre est expos\u00e9e plein Sud, avec vue sur les Pyr\u00e9n\u00e9es.<br \/>\nElle est \u00e9quip\u00e9e de climatisation invers\u00e9e et d&rsquo;une connexion internet.<\/p>\n<p>Si vous venez avec vos enfants, ils peuvent \u00eatre h\u00e9berg\u00e9s dans la chambr\u00e9e&#8230;<\/p>\n<address>\u00a0<\/address>\n<p>Vous vivrez dans une\u00a0ambiance\u00a0douillette, aux lambris c\u00e9rus\u00e9s dans de beaux volumes.<\/p>\n<p>Et toujours un confort de circonstance dans un lit de 160, une salle d&rsquo;eau\u00a0que l&rsquo;on aimerait avoir chez soi, un salon avec canap\u00e9-lit et donc possibilit\u00e9 de faire lit s\u00e9par\u00e9 ou lit\u00a0suppl\u00e9mentaire.<\/p>\n<p>La chambre est expos\u00e9e plein Sud, avec vue sur les Pyr\u00e9n\u00e9es.<br \/>\nElle est \u00e9quip\u00e9e de climatisation invers\u00e9e et d&rsquo;une connexion internet.<\/p>\n<p>Si vous venez avec vos enfants, ils peuvent \u00eatre h\u00e9berg\u00e9s dans la chambr\u00e9e&#8230;<\/p>\n<address>\u00a0<div class=\"easingsliderpro easingsliderpro-2  use-slide\" data-options=\"{&quot;dimensions&quot;:{&quot;width&quot;:640,&quot;height&quot;:400,&quot;responsive&quot;:true},&quot;transitions&quot;:{&quot;effect&quot;:&quot;slide&quot;,&quot;duration&quot;:500,&quot;touch&quot;:true},&quot;navigation&quot;:{&quot;arrows&quot;:true,&quot;arrows_hover&quot;:false,&quot;arrows_position&quot;:&quot;inside&quot;,&quot;pagination&quot;:true,&quot;pagination_hover&quot;:false,&quot;pagination_position&quot;:&quot;inside&quot;,&quot;pagination_location&quot;:&quot;bottom-center&quot;},&quot;playback&quot;:{&quot;enabled&quot;:true,&quot;pause&quot;:4000}}\" style=\"max-width: 640px; max-height: 400px\">\n    <div class=\"easingsliderpro-viewport\" style=\"padding-top: 62.5% !important;\">\n        <div class=\"easingsliderpro-slides-container\" style=\"display: none; width: 700%;\">\n                                                    <div class=\"easingsliderpro-slide\" style=\"max-width: 640px; max-height: 400px\">\n                                            <img src=\"http:\/\/villadampierre.fr\/chambre-hote-pau\/wp-content\/uploads\/IMG_0049-640x400.jpg\" class=\"easingsliderpro-image\" alt=\"\" title=\"IMG_0049\" \/>\n                                                        <\/div>\n                                        <div class=\"easingsliderpro-slide\" style=\"max-width: 640px; max-height: 400px\">\n                                            <img src=\"http:\/\/villadampierre.fr\/chambre-hote-pau\/wp-content\/uploads\/IMG_0048-640x400.jpg\" class=\"easingsliderpro-image\" alt=\"\" title=\"IMG_0048\" \/>\n                                                        <\/div>\n                                        <div class=\"easingsliderpro-slide\" style=\"max-width: 640px; max-height: 400px\">\n                                            <img src=\"http:\/\/villadampierre.fr\/chambre-hote-pau\/wp-content\/uploads\/IMG_0013-640x400.jpg\" class=\"easingsliderpro-image\" alt=\"\" title=\"IMG_0013\" \/>\n                                                        <\/div>\n                                        <div class=\"easingsliderpro-slide\" style=\"max-width: 640px; max-height: 400px\">\n                                            <img src=\"http:\/\/villadampierre.fr\/chambre-hote-pau\/wp-content\/uploads\/mars-2011-140-640x400.jpg\" class=\"easingsliderpro-image\" alt=\"\" title=\"mars 2011 140\" \/>\n                                                        <\/div>\n                                        <div class=\"easingsliderpro-slide\" style=\"max-width: 640px; max-height: 400px\">\n                                            <img src=\"http:\/\/villadampierre.fr\/chambre-hote-pau\/wp-content\/uploads\/IMG_0050-640x400.jpg\" class=\"easingsliderpro-image\" alt=\"\" title=\"IMG_0050\" \/>\n                                                        <\/div>\n                    <\/div>\n    <\/div>\n\n    <div class=\"easingsliderpro-preload\"><\/div>\n\n            <div class=\"easingsliderpro-arrows easingsliderpro-next inside\"><\/div>\n        <div class=\"easingsliderpro-arrows easingsliderpro-prev inside\"><\/div>\n    \n            <div class=\"easingsliderpro-pagination inside bottom-center\">\n                            <div class=\"easingsliderpro-icon\"><\/div>\n                            <div class=\"easingsliderpro-icon\"><\/div>\n                            <div class=\"easingsliderpro-icon\"><\/div>\n                            <div class=\"easingsliderpro-icon\"><\/div>\n                            <div class=\"easingsliderpro-icon\"><\/div>\n                    <\/div>\n    \n        <\/div>\n\n<div class='easingsliderpro-shadow' style='display: none; max-width: 640px; '><\/div><\/address>\n<div class=\"wpcf7 no-js\" id=\"wpcf7-f948-o1\" lang=\"fr-FR\" dir=\"ltr\">\n<div class=\"screen-reader-response\"><p role=\"status\" aria-live=\"polite\" aria-atomic=\"true\"><\/p> <ul><\/ul><\/div>\n<form action=\"\/chambre-hote-pau\/wp-json\/wp\/v2\/pages\/238#wpcf7-f948-o1\" method=\"post\" class=\"wpcf7-form init\" aria-label=\"Formulaire de contact\" novalidate=\"novalidate\" data-status=\"init\">\n<div style=\"display: none;\">\n<input type=\"hidden\" name=\"_wpcf7\" value=\"948\" \/>\n<input type=\"hidden\" name=\"_wpcf7_version\" value=\"5.7.2\" \/>\n<input type=\"hidden\" name=\"_wpcf7_locale\" value=\"fr_FR\" \/>\n<input type=\"hidden\" name=\"_wpcf7_unit_tag\" value=\"wpcf7-f948-o1\" \/>\n<input type=\"hidden\" name=\"_wpcf7_container_post\" value=\"0\" \/>\n<input type=\"hidden\" name=\"_wpcf7_posted_data_hash\" value=\"\" \/>\n<\/div>\n<p>Pour des informations sur une disponibilit\u00e9 remplissez les champs ci-dessous.<br \/>\nSi l'envoi de cette page ne marche pas, envoyez nous les informations par e-mail \u00e0 l'adresse suivante : villadampierre@gmail.com<br \/>\nou appelez nous au 0687850008\n<\/p>\n<p>A tr\u00e8s bient\u00f4t !\n<\/p>\n<p>Quand et pour qui souhaitez-vous r\u00e9server :\n<\/p>\n<p>Date d'arriv\u00e9e : <span class=\"wpcf7-form-control-wrap\" data-name=\"date-542\"><input class=\"wpcf7-form-control wpcf7-date wpcf7-validates-as-required wpcf7-validates-as-date\" min=\"2023-01-10\" aria-required=\"true\" aria-invalid=\"false\" value=\"\" type=\"date\" name=\"date-542\" \/><\/span>\n<\/p>\n<p>Date de d\u00e9part <span class=\"wpcf7-form-control-wrap\" data-name=\"dated-542\"><input class=\"wpcf7-form-control wpcf7-date wpcf7-validates-as-required wpcf7-validates-as-date\" min=\"2023-01-10\" aria-required=\"true\" aria-invalid=\"false\" value=\"\" type=\"date\" name=\"dated-542\" \/><\/span>\n<\/p>\n<p><label> Votre nom<br \/>\n<span class=\"wpcf7-form-control-wrap\" data-name=\"your-name\"><input size=\"40\" class=\"wpcf7-form-control wpcf7-text wpcf7-validates-as-required\" autocomplete=\"name\" aria-required=\"true\" aria-invalid=\"false\" value=\"\" type=\"text\" name=\"your-name\" \/><\/span> <\/label>\n<\/p>\n<p><label> Votre e-mail<br \/>\n<span class=\"wpcf7-form-control-wrap\" data-name=\"your-email\"><input size=\"40\" class=\"wpcf7-form-control wpcf7-text wpcf7-email wpcf7-validates-as-required wpcf7-validates-as-email\" autocomplete=\"email\" aria-required=\"true\" aria-invalid=\"false\" value=\"\" type=\"email\" name=\"your-email\" \/><\/span> <\/label>\n<\/p>\n<p><label> Votre t\u00e9l\u00e9phone :<br \/>\n<span class=\"wpcf7-form-control-wrap\" data-name=\"your-subject\"><input size=\"40\" class=\"wpcf7-form-control wpcf7-text wpcf7-validates-as-required\" aria-required=\"true\" aria-invalid=\"false\" value=\"\" type=\"text\" name=\"your-subject\" \/><\/span> <\/label>\n<\/p>\n<p>N'oubliez pas de pr\u00e9ciser combien vous serez. A tr\u00e8s bient\u00f4t!<br \/>\n<label> Votre message (facultatif)<br \/>\n<span class=\"wpcf7-form-control-wrap\" data-name=\"your-message\"><textarea cols=\"40\" rows=\"10\" class=\"wpcf7-form-control wpcf7-textarea\" aria-invalid=\"false\" name=\"your-message\"><\/textarea><\/span> <\/label>\n<\/p>\n<p><input class=\"wpcf7-form-control has-spinner wpcf7-submit\" type=\"submit\" value=\"Envoyer\" \/>\n<\/p><p style=\"display: none !important;\"><label>&#916;<textarea name=\"_wpcf7_ak_hp_textarea\" cols=\"45\" rows=\"8\" maxlength=\"100\"><\/textarea><\/label><input type=\"hidden\" id=\"ak_js_1\" name=\"_wpcf7_ak_js\" value=\"239\"\/><script>document.getElementById( \"ak_js_1\" ).setAttribute( \"value\", ( new Date() ).getTime() );<\/script><\/p><div class=\"wpcf7-response-output\" aria-hidden=\"true\"><\/div><\/form><\/div>\n","protected":false},"excerpt":{"rendered":"<p>Vous vivrez dans une\u00a0ambiance\u00a0douillette, aux lambris c\u00e9rus\u00e9s dans de beaux volumes. Et toujours un confort de circonstance dans un lit de 160, une salle d&rsquo;eau\u00a0que &hellip;<\/p>\n","protected":false},"author":2,"featured_media":408,"parent":82,"menu_order":0,"comment_status":"open","ping_status":"open","template":"template-submenu_siblings.php","meta":[],"yoast_head":"<!-- This site is optimized with the Yoast SEO plugin v20.4 - https:\/\/yoast.com\/wordpress\/plugins\/seo\/ -->\n<title>Chambre d&#039;h\u00f4tes Oc\u00e9an \u00e0 Pau - Villa Dampierre<\/title>\n<meta name=\"description\" content=\"En pleine ville \u00e0 Pau, une chambre spacieuse, dans un parc bois\u00e9. Une atmosph\u00e8re ensoleill\u00e9e, chaleureuse due au lambris c\u00e9rus\u00e9s, et \u00e0 un accueil de qualit\u00e9\" \/>\n<meta name=\"robots\" content=\"index, follow, max-snippet:-1, max-image-preview:large, max-video-preview:-1\" \/>\n<link rel=\"canonical\" href=\"https:\/\/villadampierre.fr\/chambre-hote-pau\/chambres-dhotes\/chambre-ocean\/\" \/>\n<meta property=\"og:locale\" content=\"fr_FR\" \/>\n<meta property=\"og:type\" content=\"article\" \/>\n<meta property=\"og:title\" content=\"Chambre d&#039;h\u00f4tes Oc\u00e9an \u00e0 Pau - Villa Dampierre\" \/>\n<meta property=\"og:description\" content=\"En pleine ville \u00e0 Pau, une chambre spacieuse, dans un parc bois\u00e9. Une atmosph\u00e8re ensoleill\u00e9e, chaleureuse due au lambris c\u00e9rus\u00e9s, et \u00e0 un accueil de qualit\u00e9\" \/>\n<meta property=\"og:url\" content=\"https:\/\/villadampierre.fr\/chambre-hote-pau\/chambres-dhotes\/chambre-ocean\/\" \/>\n<meta property=\"og:site_name\" content=\"Villa Dampierre\" \/>\n<meta property=\"article:modified_time\" content=\"2024-02-10T14:55:20+00:00\" \/>\n<meta property=\"og:image\" content=\"https:\/\/villadampierre.fr\/chambre-hote-pau\/wp-content\/uploads\/mars-2011-140-e1553532880697.jpg\" \/>\n\t<meta property=\"og:image:width\" content=\"300\" \/>\n\t<meta property=\"og:image:height\" content=\"225\" \/>\n\t<meta property=\"og:image:type\" content=\"image\/jpeg\" \/>\n<meta name=\"twitter:label1\" content=\"Dur\u00e9e de lecture estim\u00e9e\" \/>\n\t<meta name=\"twitter:data1\" content=\"1 minute\" \/>\n<script type=\"application\/ld+json\" class=\"yoast-schema-graph\">{\"@context\":\"https:\/\/schema.org\",\"@graph\":[{\"@type\":\"WebPage\",\"@id\":\"https:\/\/villadampierre.fr\/chambre-hote-pau\/chambres-dhotes\/chambre-ocean\/\",\"url\":\"https:\/\/villadampierre.fr\/chambre-hote-pau\/chambres-dhotes\/chambre-ocean\/\",\"name\":\"Chambre d'h\u00f4tes Oc\u00e9an \u00e0 Pau - Villa Dampierre\",\"isPartOf\":{\"@id\":\"https:\/\/villadampierre.fr\/chambre-hote-pau\/#website\"},\"datePublished\":\"2013-06-05T12:53:58+00:00\",\"dateModified\":\"2024-02-10T14:55:20+00:00\",\"description\":\"En pleine ville \u00e0 Pau, une chambre spacieuse, dans un parc bois\u00e9. Une atmosph\u00e8re ensoleill\u00e9e, chaleureuse due au lambris c\u00e9rus\u00e9s, et \u00e0 un accueil de qualit\u00e9\",\"breadcrumb\":{\"@id\":\"https:\/\/villadampierre.fr\/chambre-hote-pau\/chambres-dhotes\/chambre-ocean\/#breadcrumb\"},\"inLanguage\":\"fr-FR\",\"potentialAction\":[{\"@type\":\"ReadAction\",\"target\":[\"https:\/\/villadampierre.fr\/chambre-hote-pau\/chambres-dhotes\/chambre-ocean\/\"]}]},{\"@type\":\"BreadcrumbList\",\"@id\":\"https:\/\/villadampierre.fr\/chambre-hote-pau\/chambres-dhotes\/chambre-ocean\/#breadcrumb\",\"itemListElement\":[{\"@type\":\"ListItem\",\"position\":1,\"name\":\"Accueil\",\"item\":\"https:\/\/villadampierre.fr\/chambre-hote-pau\/\"},{\"@type\":\"ListItem\",\"position\":2,\"name\":\"Chambre d&rsquo;h\u00f4tes\",\"item\":\"https:\/\/villadampierre.fr\/chambre-hote-pau\/chambres-dhotes\/\"},{\"@type\":\"ListItem\",\"position\":3,\"name\":\"Chambre Oc\u00e9an\"}]},{\"@type\":\"WebSite\",\"@id\":\"https:\/\/villadampierre.fr\/chambre-hote-pau\/#website\",\"url\":\"https:\/\/villadampierre.fr\/chambre-hote-pau\/\",\"name\":\"Villa Dampierre\",\"description\":\"Pour un s\u00e9jour en chambre d&#039;h\u00f4tes \u00e0  Pau\",\"potentialAction\":[{\"@type\":\"SearchAction\",\"target\":{\"@type\":\"EntryPoint\",\"urlTemplate\":\"https:\/\/villadampierre.fr\/chambre-hote-pau\/?s={search_term_string}\"},\"query-input\":\"required name=search_term_string\"}],\"inLanguage\":\"fr-FR\"}]}<\/script>\n<!-- \/ Yoast SEO plugin. -->","yoast_head_json":{"title":"Chambre d'h\u00f4tes Oc\u00e9an \u00e0 Pau - Villa Dampierre","description":"En pleine ville \u00e0 Pau, une chambre spacieuse, dans un parc bois\u00e9. Une atmosph\u00e8re ensoleill\u00e9e, chaleureuse due au lambris c\u00e9rus\u00e9s, et \u00e0 un accueil de qualit\u00e9","robots":{"index":"index","follow":"follow","max-snippet":"max-snippet:-1","max-image-preview":"max-image-preview:large","max-video-preview":"max-video-preview:-1"},"canonical":"https:\/\/villadampierre.fr\/chambre-hote-pau\/chambres-dhotes\/chambre-ocean\/","og_locale":"fr_FR","og_type":"article","og_title":"Chambre d'h\u00f4tes Oc\u00e9an \u00e0 Pau - Villa Dampierre","og_description":"En pleine ville \u00e0 Pau, une chambre spacieuse, dans un parc bois\u00e9. Une atmosph\u00e8re ensoleill\u00e9e, chaleureuse due au lambris c\u00e9rus\u00e9s, et \u00e0 un accueil de qualit\u00e9","og_url":"https:\/\/villadampierre.fr\/chambre-hote-pau\/chambres-dhotes\/chambre-ocean\/","og_site_name":"Villa Dampierre","article_modified_time":"2024-02-10T14:55:20+00:00","og_image":[{"width":300,"height":225,"url":"https:\/\/villadampierre.fr\/chambre-hote-pau\/wp-content\/uploads\/mars-2011-140-e1553532880697.jpg","type":"image\/jpeg"}],"twitter_misc":{"Dur\u00e9e de lecture estim\u00e9e":"1 minute"},"schema":{"@context":"https:\/\/schema.org","@graph":[{"@type":"WebPage","@id":"https:\/\/villadampierre.fr\/chambre-hote-pau\/chambres-dhotes\/chambre-ocean\/","url":"https:\/\/villadampierre.fr\/chambre-hote-pau\/chambres-dhotes\/chambre-ocean\/","name":"Chambre d'h\u00f4tes Oc\u00e9an \u00e0 Pau - Villa Dampierre","isPartOf":{"@id":"https:\/\/villadampierre.fr\/chambre-hote-pau\/#website"},"datePublished":"2013-06-05T12:53:58+00:00","dateModified":"2024-02-10T14:55:20+00:00","description":"En pleine ville \u00e0 Pau, une chambre spacieuse, dans un parc bois\u00e9. Une atmosph\u00e8re ensoleill\u00e9e, chaleureuse due au lambris c\u00e9rus\u00e9s, et \u00e0 un accueil de qualit\u00e9","breadcrumb":{"@id":"https:\/\/villadampierre.fr\/chambre-hote-pau\/chambres-dhotes\/chambre-ocean\/#breadcrumb"},"inLanguage":"fr-FR","potentialAction":[{"@type":"ReadAction","target":["https:\/\/villadampierre.fr\/chambre-hote-pau\/chambres-dhotes\/chambre-ocean\/"]}]},{"@type":"BreadcrumbList","@id":"https:\/\/villadampierre.fr\/chambre-hote-pau\/chambres-dhotes\/chambre-ocean\/#breadcrumb","itemListElement":[{"@type":"ListItem","position":1,"name":"Accueil","item":"https:\/\/villadampierre.fr\/chambre-hote-pau\/"},{"@type":"ListItem","position":2,"name":"Chambre d&rsquo;h\u00f4tes","item":"https:\/\/villadampierre.fr\/chambre-hote-pau\/chambres-dhotes\/"},{"@type":"ListItem","position":3,"name":"Chambre Oc\u00e9an"}]},{"@type":"WebSite","@id":"https:\/\/villadampierre.fr\/chambre-hote-pau\/#website","url":"https:\/\/villadampierre.fr\/chambre-hote-pau\/","name":"Villa Dampierre","description":"Pour un s\u00e9jour en chambre d&#039;h\u00f4tes \u00e0  Pau","potentialAction":[{"@type":"SearchAction","target":{"@type":"EntryPoint","urlTemplate":"https:\/\/villadampierre.fr\/chambre-hote-pau\/?s={search_term_string}"},"query-input":"required name=search_term_string"}],"inLanguage":"fr-FR"}]}},"_links":{"self":[{"href":"https:\/\/villadampierre.fr\/chambre-hote-pau\/wp-json\/wp\/v2\/pages\/238"}],"collection":[{"href":"https:\/\/villadampierre.fr\/chambre-hote-pau\/wp-json\/wp\/v2\/pages"}],"about":[{"href":"https:\/\/villadampierre.fr\/chambre-hote-pau\/wp-json\/wp\/v2\/types\/page"}],"author":[{"embeddable":true,"href":"https:\/\/villadampierre.fr\/chambre-hote-pau\/wp-json\/wp\/v2\/users\/2"}],"replies":[{"embeddable":true,"href":"https:\/\/villadampierre.fr\/chambre-hote-pau\/wp-json\/wp\/v2\/comments?post=238"}],"version-history":[{"count":26,"href":"https:\/\/villadampierre.fr\/chambre-hote-pau\/wp-json\/wp\/v2\/pages\/238\/revisions"}],"predecessor-version":[{"id":985,"href":"https:\/\/villadampierre.fr\/chambre-hote-pau\/wp-json\/wp\/v2\/pages\/238\/revisions\/985"}],"up":[{"embeddable":true,"href":"https:\/\/villadampierre.fr\/chambre-hote-pau\/wp-json\/wp\/v2\/pages\/82"}],"wp:featuredmedia":[{"embeddable":true,"href":"https:\/\/villadampierre.fr\/chambre-hote-pau\/wp-json\/wp\/v2\/media\/408"}],"wp:attachment":[{"href":"https:\/\/villadampierre.fr\/chambre-hote-pau\/wp-json\/wp\/v2\/media?parent=238"}],"curies":[{"name":"wp","href":"https:\/\/api.w.org\/{rel}","templated":true}]}}